{"id":4467,"date":"2025-02-07T10:58:57","date_gmt":"2025-02-07T09:58:57","guid":{"rendered":"https:\/\/tones-syslerier.no\/?post_type=product&#038;p=4467"},"modified":"2026-01-09T13:37:15","modified_gmt":"2026-01-09T12:37:15","slug":"ranger-stickles-silver","status":"publish","type":"product","link":"https:\/\/tones-syslerier.no\/index.php\/produkt\/ranger-stickles-silver\/","title":{"rendered":"Ranger \u2022 Stickles Silver"},"content":{"rendered":"<p>Glitterlim i lyse farger<br \/>\nIngen ekstra lim eller festematerialer kreves<br \/>\nEgnet for kort, prosjekter med blandede medier og mer<\/p>\n<p>Ranger Stickles glitterlim kan brukes til \u00e5 dekorere alle slags h\u00e5ndverksprosjekter. Dette kan inkludere kort og utklippsboksider, i tillegg til stearinlys, boligtilbeh\u00f8r av tre eller briller. Tegn linjer, legg til prikker, skriv, tegn eller fargelegg ved hjelp av den praktiske detalj\u00e5pningen p\u00e5 toppen av flasken. Fordelen her fremfor l\u00f8st glitter er at disse stickles kan brukes til \u00e5 dekorere alt med glitter uten behov for ekstra lim.<\/p>\n<p>Produktkode 15SGG01911<br \/>\nStrekkode 789541001911<br \/>\nFargedetalj ranger_silver<br \/>\nInnhold produktvekt 14,5<br \/>\nEmballasjem\u00e5l (LxBxH) 7,37 x 2,54 x 2,54 cm<br \/>\nMerke Ranger Ink<br \/>\nProdukttype 3D Liquid Pearls Drops<br \/>\nSorter glitterlim<br \/>\nProduktlinje Stickles<br \/>\nP\u00e5f\u00f8ring papir, plast, tre, scrapbooking, kortlaging, blandede medier, gummi<br \/>\nKarakteristisk glitter, syrefri, giftfri, enkel flyttupp<br \/>\nFarge S\u00f8lv<\/p>\n<p>&nbsp;<\/p>\n<p><img loading=\"lazy\" decoding=\"async\" class=\"alignnone size-medium wp-image-4468\" src=\"https:\/\/tones-syslerier.no\/wp-content\/uploads\/2025\/02\/15sgg01911_01_cf3d-300x300.webp\" alt=\"\" width=\"300\" height=\"300\" srcset=\"https:\/\/tones-syslerier.no\/wp-content\/uploads\/2025\/02\/15sgg01911_01_cf3d-300x300.webp 300w, https:\/\/tones-syslerier.no\/wp-content\/uploads\/2025\/02\/15sgg01911_01_cf3d-1024x1024.webp 1024w, https:\/\/tones-syslerier.no\/wp-content\/uploads\/2025\/02\/15sgg01911_01_cf3d-150x150.webp 150w, https:\/\/tones-syslerier.no\/wp-content\/uploads\/2025\/02\/15sgg01911_01_cf3d-768x768.webp 768w, https:\/\/tones-syslerier.no\/wp-content\/uploads\/2025\/02\/15sgg01911_01_cf3d-1536x1536.webp 1536w, https:\/\/tones-syslerier.no\/wp-content\/uploads\/2025\/02\/15sgg01911_01_cf3d-324x324.webp 324w, https:\/\/tones-syslerier.no\/wp-content\/uploads\/2025\/02\/15sgg01911_01_cf3d-416x416.webp 416w, https:\/\/tones-syslerier.no\/wp-content\/uploads\/2025\/02\/15sgg01911_01_cf3d-100x100.webp 100w, https:\/\/tones-syslerier.no\/wp-content\/uploads\/2025\/02\/15sgg01911_01_cf3d.webp 1600w\" sizes=\"auto, (max-width: 300px) 100vw, 300px\" \/><\/p>\n","protected":false},"excerpt":{"rendered":"<p>Glitterlim i lyse farger Ingen ekstra lim eller festematerialer kreves Egnet for kort, prosjekter med blandede medier og mer Ranger Stickles glitterlim kan brukes til \u00e5 dekorere alle slags h\u00e5ndverksprosjekter. Dette kan inkludere kort og utklippsboksider, i tillegg til stearinlys, boligtilbeh\u00f8r av tre eller briller. Tegn linjer, legg til prikker, skriv, tegn eller fargelegg ved [&hellip;]<\/p>\n","protected":false},"featured_media":4468,"comment_status":"open","ping_status":"closed","template":"","meta":[],"product_brand":[],"product_cat":[192,148],"product_tag":[],"class_list":{"0":"post-4467","1":"product","2":"type-product","3":"status-publish","4":"has-post-thumbnail","6":"product_cat-lim-tape","7":"product_cat-glitter-lim","9":"first","10":"instock","11":"taxable","12":"shipping-taxable","13":"purchasable","14":"product-type-simple"},"_links":{"self":[{"href":"https:\/\/tones-syslerier.no\/index.php\/wp-json\/wp\/v2\/product\/4467","targetHints":{"allow":["GET"]}}],"collection":[{"href":"https:\/\/tones-syslerier.no\/index.php\/wp-json\/wp\/v2\/product"}],"about":[{"href":"https:\/\/tones-syslerier.no\/index.php\/wp-json\/wp\/v2\/types\/product"}],"replies":[{"embeddable":true,"href":"https:\/\/tones-syslerier.no\/index.php\/wp-json\/wp\/v2\/comments?post=4467"}],"wp:featuredmedia":[{"embeddable":true,"href":"https:\/\/tones-syslerier.no\/index.php\/wp-json\/wp\/v2\/media\/4468"}],"wp:attachment":[{"href":"https:\/\/tones-syslerier.no\/index.php\/wp-json\/wp\/v2\/media?parent=4467"}],"wp:term":[{"taxonomy":"product_brand","embeddable":true,"href":"https:\/\/tones-syslerier.no\/index.php\/wp-json\/wp\/v2\/product_brand?post=4467"},{"taxonomy":"product_cat","embeddable":true,"href":"https:\/\/tones-syslerier.no\/index.php\/wp-json\/wp\/v2\/product_cat?post=4467"},{"taxonomy":"product_tag","embeddable":true,"href":"https:\/\/tones-syslerier.no\/index.php\/wp-json\/wp\/v2\/product_tag?post=4467"}],"curies":[{"name":"wp","href":"https:\/\/api.w.org\/{rel}","templated":true}]}}