{"id":4463,"date":"2025-02-06T17:17:00","date_gmt":"2025-02-06T16:17:00","guid":{"rendered":"https:\/\/tones-syslerier.no\/?post_type=product&#038;p=4463"},"modified":"2026-01-09T13:34:28","modified_gmt":"2026-01-09T12:34:28","slug":"aleenes-original-tacky-glue-118ml","status":"publish","type":"product","link":"https:\/\/tones-syslerier.no\/index.php\/produkt\/aleenes-original-tacky-glue-118ml\/","title":{"rendered":"Aleene&#8217;s \u2022 Original tacky glue 118ml"},"content":{"rendered":"<p>F\u00f8rsteklasses universallim og giftfri, men supersterk<br \/>\nUtrolig allsidig \u2013 fungerer p\u00e5 de fleste overflater og tykk, klebrig formel griper gjenstander ved kontakt<br \/>\nT\u00f8rker permanent og klart \u2013 gulner ikke over tid<\/p>\n<p>Det er en grunn til at dette limet har eksistert i 50 \u00e5r! Original Tacky Glue er et av de mest p\u00e5litelige universallimene du kan finne, og fungerer p\u00e5 omtrent alle overflater. Den tykke, klebrige formelen griper gjenstander ved kontakt og t\u00f8rker supersterk og permanent, noe som gj\u00f8r den flott for h\u00e5ndverk, hobbyer, gj\u00f8r-det-selv og husholdningsreparasjoner. Enda bedre, det er ikke giftig, s\u00e5 barn kan bruke det ogs\u00e5!<\/p>\n<p>Produktkode 15603<br \/>\nStrekkode 017754156037<br \/>\nEmballasjem\u00e5l (LxBxH) 27,15 x 27,15 x 16,36 cm<br \/>\nProduktdimensjoner (LxBxH) 14,76 x 4,29 x 4,29 cm<br \/>\nV\u00e6skeinnhold i produktet 118<br \/>\nMerket Aleene&#8217;s<br \/>\nProdukttype Lim<br \/>\nProduktlinje Originalt klebrig lim<br \/>\nBruksomr\u00e5de Metall, papir, tekstil, isopor, tre, filt, lerret<br \/>\nKarakteristisk Permanent, Egnet for barn, Ikke giftig, Multi Surface, Sterk binding, Allsidig<\/p>\n<p><img loading=\"lazy\" decoding=\"async\" class=\"alignnone size-medium wp-image-4464\" src=\"https:\/\/tones-syslerier.no\/wp-content\/uploads\/2025\/02\/15603_01_3b4a-300x300.webp\" alt=\"\" width=\"300\" height=\"300\" srcset=\"https:\/\/tones-syslerier.no\/wp-content\/uploads\/2025\/02\/15603_01_3b4a-300x300.webp 300w, https:\/\/tones-syslerier.no\/wp-content\/uploads\/2025\/02\/15603_01_3b4a-1024x1024.webp 1024w, https:\/\/tones-syslerier.no\/wp-content\/uploads\/2025\/02\/15603_01_3b4a-150x150.webp 150w, https:\/\/tones-syslerier.no\/wp-content\/uploads\/2025\/02\/15603_01_3b4a-768x768.webp 768w, https:\/\/tones-syslerier.no\/wp-content\/uploads\/2025\/02\/15603_01_3b4a-1536x1536.webp 1536w, https:\/\/tones-syslerier.no\/wp-content\/uploads\/2025\/02\/15603_01_3b4a-324x324.webp 324w, https:\/\/tones-syslerier.no\/wp-content\/uploads\/2025\/02\/15603_01_3b4a-416x416.webp 416w, https:\/\/tones-syslerier.no\/wp-content\/uploads\/2025\/02\/15603_01_3b4a-100x100.webp 100w, https:\/\/tones-syslerier.no\/wp-content\/uploads\/2025\/02\/15603_01_3b4a.webp 1600w\" sizes=\"auto, (max-width: 300px) 100vw, 300px\" \/><\/p>\n<p>&nbsp;<\/p>\n","protected":false},"excerpt":{"rendered":"<p>F\u00f8rsteklasses universallim og giftfri, men supersterk Utrolig allsidig \u2013 fungerer p\u00e5 de fleste overflater og tykk, klebrig formel griper gjenstander ved kontakt T\u00f8rker permanent og klart \u2013 gulner ikke over tid Det er en grunn til at dette limet har eksistert i 50 \u00e5r! Original Tacky Glue er et av de mest p\u00e5litelige universallimene du [&hellip;]<\/p>\n","protected":false},"featured_media":4464,"comment_status":"open","ping_status":"closed","template":"","meta":[],"product_brand":[],"product_cat":[145,146],"product_tag":[],"class_list":{"0":"post-4463","1":"product","2":"type-product","3":"status-publish","4":"has-post-thumbnail","6":"product_cat-aleenes","7":"product_cat-aleenes-lim","9":"first","10":"outofstock","11":"taxable","12":"shipping-taxable","13":"purchasable","14":"product-type-simple"},"_links":{"self":[{"href":"https:\/\/tones-syslerier.no\/index.php\/wp-json\/wp\/v2\/product\/4463","targetHints":{"allow":["GET"]}}],"collection":[{"href":"https:\/\/tones-syslerier.no\/index.php\/wp-json\/wp\/v2\/product"}],"about":[{"href":"https:\/\/tones-syslerier.no\/index.php\/wp-json\/wp\/v2\/types\/product"}],"replies":[{"embeddable":true,"href":"https:\/\/tones-syslerier.no\/index.php\/wp-json\/wp\/v2\/comments?post=4463"}],"wp:featuredmedia":[{"embeddable":true,"href":"https:\/\/tones-syslerier.no\/index.php\/wp-json\/wp\/v2\/media\/4464"}],"wp:attachment":[{"href":"https:\/\/tones-syslerier.no\/index.php\/wp-json\/wp\/v2\/media?parent=4463"}],"wp:term":[{"taxonomy":"product_brand","embeddable":true,"href":"https:\/\/tones-syslerier.no\/index.php\/wp-json\/wp\/v2\/product_brand?post=4463"},{"taxonomy":"product_cat","embeddable":true,"href":"https:\/\/tones-syslerier.no\/index.php\/wp-json\/wp\/v2\/product_cat?post=4463"},{"taxonomy":"product_tag","embeddable":true,"href":"https:\/\/tones-syslerier.no\/index.php\/wp-json\/wp\/v2\/product_tag?post=4463"}],"curies":[{"name":"wp","href":"https:\/\/api.w.org\/{rel}","templated":true}]}}