{"id":4461,"date":"2025-02-06T17:11:08","date_gmt":"2025-02-06T16:11:08","guid":{"rendered":"https:\/\/tones-syslerier.no\/?post_type=product&#038;p=4461"},"modified":"2026-03-10T09:46:58","modified_gmt":"2026-03-10T08:46:58","slug":"ranger-mini-glossy-accents-18ml","status":"publish","type":"product","link":"https:\/\/tones-syslerier.no\/index.php\/produkt\/ranger-mini-glossy-accents-18ml\/","title":{"rendered":"Ranger \u2022 Mini Glossy accents 18ml"},"content":{"rendered":"<p>Lag en gjennomsiktig og skinnende 3D-effekt<br \/>\nKan ogs\u00e5 brukes som transparent lim<\/p>\n<p>Glossy Accents av Ranger er et gjennomsiktig, flytende medium som lar deg lage skinnende 3D-aksenter p\u00e5 alle typer papirh\u00e5ndverk. Fremhev et omr\u00e5de av utklippsboksiden din, gi stemplede bilder et 3D-utseende eller legg til glansede detaljer til hjemmeinnredningsprosjektet ditt. Takket v\u00e6re presisjonsspissen kan du fremheve akkurat det du \u00f8nsker. P\u00e5f\u00f8r et lag med Glossy Accents og la det luftt\u00f8rke til et vakkert gjennomsiktig 3D-lag. Du kan kontrollere mengden av 3D-effekten ved \u00e5 variere tykkelsen p\u00e5 laget.<\/p>\n<p>Varme f\u00f8rer ofte til bobler i dette mediet. For det beste resultatet er det derfor bedre \u00e5 ikke fremskynde t\u00f8rkeprosessen med et varmeverkt\u00f8y. Glossy Accents kan ogs\u00e5 brukes som gjennomsiktig lim i tillegg til \u00e5 legge til aksenter og skape et 3D-utseende. Den er perfekt for \u00e5 feste sm\u00e5 pynt. S\u00f8rg for \u00e5 lukke flasken umiddelbart etter bruk. Dette forhindrer at dysen blokkerer seg. Skulle dette skje, kan du stikke hull i tuten med en n\u00e5l.<\/p>\n<p>Produktkode 15GAC27898<br \/>\nStrekkode 789541027898<br \/>\nEmballasjem\u00e5l (LxBxH) 7,14 x 2,49 x 2,49 cm<br \/>\nV\u00e6skeinnhold i produktet 18<br \/>\nMerke Ranger Ink<br \/>\nProdukttype Lim<br \/>\nMateriale Plast<br \/>\nBruksomr\u00e5er, scrapbooking, kortlaging, kunstjournalf\u00f8ring<br \/>\nKarakteristisk dimensjonal<br \/>\nFarge gjennomsiktig<\/p>\n<p>&nbsp;<\/p>\n<p><img loading=\"lazy\" decoding=\"async\" class=\"alignnone size-medium wp-image-4462\" src=\"https:\/\/tones-syslerier.no\/wp-content\/uploads\/2025\/02\/15gac27898_01_59f9_1-300x300.webp\" alt=\"\" width=\"300\" height=\"300\" srcset=\"https:\/\/tones-syslerier.no\/wp-content\/uploads\/2025\/02\/15gac27898_01_59f9_1-300x300.webp 300w, https:\/\/tones-syslerier.no\/wp-content\/uploads\/2025\/02\/15gac27898_01_59f9_1-1024x1024.webp 1024w, https:\/\/tones-syslerier.no\/wp-content\/uploads\/2025\/02\/15gac27898_01_59f9_1-150x150.webp 150w, https:\/\/tones-syslerier.no\/wp-content\/uploads\/2025\/02\/15gac27898_01_59f9_1-768x768.webp 768w, https:\/\/tones-syslerier.no\/wp-content\/uploads\/2025\/02\/15gac27898_01_59f9_1-1536x1536.webp 1536w, https:\/\/tones-syslerier.no\/wp-content\/uploads\/2025\/02\/15gac27898_01_59f9_1-324x324.webp 324w, https:\/\/tones-syslerier.no\/wp-content\/uploads\/2025\/02\/15gac27898_01_59f9_1-416x416.webp 416w, https:\/\/tones-syslerier.no\/wp-content\/uploads\/2025\/02\/15gac27898_01_59f9_1-100x100.webp 100w, https:\/\/tones-syslerier.no\/wp-content\/uploads\/2025\/02\/15gac27898_01_59f9_1.webp 1600w\" sizes=\"auto, (max-width: 300px) 100vw, 300px\" \/><\/p>\n","protected":false},"excerpt":{"rendered":"<p>Lag en gjennomsiktig og skinnende 3D-effekt Kan ogs\u00e5 brukes som transparent lim Glossy Accents av Ranger er et gjennomsiktig, flytende medium som lar deg lage skinnende 3D-aksenter p\u00e5 alle typer papirh\u00e5ndverk. Fremhev et omr\u00e5de av utklippsboksiden din, gi stemplede bilder et 3D-utseende eller legg til glansede detaljer til hjemmeinnredningsprosjektet ditt. Takket v\u00e6re presisjonsspissen kan du [&hellip;]<\/p>\n","protected":false},"featured_media":4462,"comment_status":"open","ping_status":"closed","template":"","meta":[],"product_brand":[],"product_cat":[165,50],"product_tag":[],"class_list":{"0":"post-4461","1":"product","2":"type-product","3":"status-publish","4":"has-post-thumbnail","6":"product_cat-glossy","7":"product_cat-mix-media-produkter","9":"first","10":"instock","11":"taxable","12":"shipping-taxable","13":"purchasable","14":"product-type-simple"},"_links":{"self":[{"href":"https:\/\/tones-syslerier.no\/index.php\/wp-json\/wp\/v2\/product\/4461","targetHints":{"allow":["GET"]}}],"collection":[{"href":"https:\/\/tones-syslerier.no\/index.php\/wp-json\/wp\/v2\/product"}],"about":[{"href":"https:\/\/tones-syslerier.no\/index.php\/wp-json\/wp\/v2\/types\/product"}],"replies":[{"embeddable":true,"href":"https:\/\/tones-syslerier.no\/index.php\/wp-json\/wp\/v2\/comments?post=4461"}],"wp:featuredmedia":[{"embeddable":true,"href":"https:\/\/tones-syslerier.no\/index.php\/wp-json\/wp\/v2\/media\/4462"}],"wp:attachment":[{"href":"https:\/\/tones-syslerier.no\/index.php\/wp-json\/wp\/v2\/media?parent=4461"}],"wp:term":[{"taxonomy":"product_brand","embeddable":true,"href":"https:\/\/tones-syslerier.no\/index.php\/wp-json\/wp\/v2\/product_brand?post=4461"},{"taxonomy":"product_cat","embeddable":true,"href":"https:\/\/tones-syslerier.no\/index.php\/wp-json\/wp\/v2\/product_cat?post=4461"},{"taxonomy":"product_tag","embeddable":true,"href":"https:\/\/tones-syslerier.no\/index.php\/wp-json\/wp\/v2\/product_tag?post=4461"}],"curies":[{"name":"wp","href":"https:\/\/api.w.org\/{rel}","templated":true}]}}