{"id":4449,"date":"2025-02-06T15:36:48","date_gmt":"2025-02-06T14:36:48","guid":{"rendered":"https:\/\/tones-syslerier.no\/?post_type=product&#038;p=4449"},"modified":"2025-05-28T09:19:41","modified_gmt":"2025-05-28T07:19:41","slug":"kaisercraft-die-cut-treasured-moments","status":"publish","type":"product","link":"https:\/\/tones-syslerier.no\/index.php\/produkt\/kaisercraft-die-cut-treasured-moments\/","title":{"rendered":"Kaisercraft \u2022 Die cut Treasured moments"},"content":{"rendered":"<p>Produktkode PS437<br \/>\nStrekkode 883416164371<br \/>\nMerke Kaisercraft<br \/>\nProdukttype Papirdekorasjoner<br \/>\nSorter utstansinger<br \/>\nMaterial Papir<br \/>\nM\u00f8nster firkanter<br \/>\nPapp, journalf\u00f8ring, scrapbooking, kortlaging, kunstjournalf\u00f8ring<\/p>\n<p>&nbsp;<\/p>\n<p><img loading=\"lazy\" decoding=\"async\" class=\"alignnone size-medium wp-image-4450\" src=\"https:\/\/tones-syslerier.no\/wp-content\/uploads\/2025\/02\/ps437_01_96af-300x300.webp\" alt=\"\" width=\"300\" height=\"300\" srcset=\"https:\/\/tones-syslerier.no\/wp-content\/uploads\/2025\/02\/ps437_01_96af-300x300.webp 300w, https:\/\/tones-syslerier.no\/wp-content\/uploads\/2025\/02\/ps437_01_96af-1024x1024.webp 1024w, https:\/\/tones-syslerier.no\/wp-content\/uploads\/2025\/02\/ps437_01_96af-150x150.webp 150w, https:\/\/tones-syslerier.no\/wp-content\/uploads\/2025\/02\/ps437_01_96af-768x768.webp 768w, https:\/\/tones-syslerier.no\/wp-content\/uploads\/2025\/02\/ps437_01_96af-1536x1536.webp 1536w, https:\/\/tones-syslerier.no\/wp-content\/uploads\/2025\/02\/ps437_01_96af-324x324.webp 324w, https:\/\/tones-syslerier.no\/wp-content\/uploads\/2025\/02\/ps437_01_96af-416x416.webp 416w, https:\/\/tones-syslerier.no\/wp-content\/uploads\/2025\/02\/ps437_01_96af-100x100.webp 100w, https:\/\/tones-syslerier.no\/wp-content\/uploads\/2025\/02\/ps437_01_96af.webp 1600w\" sizes=\"auto, (max-width: 300px) 100vw, 300px\" \/><\/p>\n","protected":false},"excerpt":{"rendered":"<p>Produktkode PS437 Strekkode 883416164371 Merke Kaisercraft Produkttype Papirdekorasjoner Sorter utstansinger Material Papir M\u00f8nster firkanter Papp, journalf\u00f8ring, scrapbooking, kortlaging, kunstjournalf\u00f8ring &nbsp;<\/p>\n","protected":false},"featured_media":4450,"comment_status":"open","ping_status":"closed","template":"","meta":[],"product_brand":[],"product_cat":[164,181],"product_tag":[],"class_list":{"0":"post-4449","1":"product","2":"type-product","3":"status-publish","4":"has-post-thumbnail","6":"product_cat-kaisercraft","7":"product_cat-papirprodukter","9":"first","10":"instock","11":"taxable","12":"shipping-taxable","13":"purchasable","14":"product-type-simple"},"_links":{"self":[{"href":"https:\/\/tones-syslerier.no\/index.php\/wp-json\/wp\/v2\/product\/4449","targetHints":{"allow":["GET"]}}],"collection":[{"href":"https:\/\/tones-syslerier.no\/index.php\/wp-json\/wp\/v2\/product"}],"about":[{"href":"https:\/\/tones-syslerier.no\/index.php\/wp-json\/wp\/v2\/types\/product"}],"replies":[{"embeddable":true,"href":"https:\/\/tones-syslerier.no\/index.php\/wp-json\/wp\/v2\/comments?post=4449"}],"wp:featuredmedia":[{"embeddable":true,"href":"https:\/\/tones-syslerier.no\/index.php\/wp-json\/wp\/v2\/media\/4450"}],"wp:attachment":[{"href":"https:\/\/tones-syslerier.no\/index.php\/wp-json\/wp\/v2\/media?parent=4449"}],"wp:term":[{"taxonomy":"product_brand","embeddable":true,"href":"https:\/\/tones-syslerier.no\/index.php\/wp-json\/wp\/v2\/product_brand?post=4449"},{"taxonomy":"product_cat","embeddable":true,"href":"https:\/\/tones-syslerier.no\/index.php\/wp-json\/wp\/v2\/product_cat?post=4449"},{"taxonomy":"product_tag","embeddable":true,"href":"https:\/\/tones-syslerier.no\/index.php\/wp-json\/wp\/v2\/product_tag?post=4449"}],"curies":[{"name":"wp","href":"https:\/\/api.w.org\/{rel}","templated":true}]}}