{"id":4311,"date":"2025-01-15T17:53:14","date_gmt":"2025-01-15T16:53:14","guid":{"rendered":"https:\/\/tones-syslerier.no\/?post_type=product&#038;p=4311"},"modified":"2026-04-07T19:34:09","modified_gmt":"2026-04-07T17:34:09","slug":"studio-light-cherished-memories-die-cut-paper-pad-paper-elements","status":"publish","type":"product","link":"https:\/\/tones-syslerier.no\/index.php\/produkt\/studio-light-cherished-memories-die-cut-paper-pad-paper-elements\/","title":{"rendered":"Studio Light \u2022 Cherished Memories Die-cut Paper pad Paper elements"},"content":{"rendered":"<p>Produktkode SL-CM-DCPP264<br \/>\nStrekkode 8713943156490<br \/>\nInnhold produktvekt 126<br \/>\nPapirvekt 170<br \/>\nProduktm\u00e5l (LxBxH) 148x210x5mm<br \/>\nVolum stykker 20<br \/>\nMerke Studio Light<br \/>\nProdukttype Papirblokk<br \/>\nM\u00f8nstertr\u00e6r, landskap, tekster<br \/>\nScrapbooking, Kortlaging, Art journaling<\/p>\n<p>&nbsp;<\/p>\n<p><img loading=\"lazy\" decoding=\"async\" class=\"alignnone size-medium wp-image-4312\" src=\"https:\/\/tones-syslerier.no\/wp-content\/uploads\/2025\/01\/sl_cm_dcpp264_01_8cef-300x300.webp\" alt=\"\" width=\"300\" height=\"300\" srcset=\"https:\/\/tones-syslerier.no\/wp-content\/uploads\/2025\/01\/sl_cm_dcpp264_01_8cef-300x300.webp 300w, https:\/\/tones-syslerier.no\/wp-content\/uploads\/2025\/01\/sl_cm_dcpp264_01_8cef-1024x1024.webp 1024w, https:\/\/tones-syslerier.no\/wp-content\/uploads\/2025\/01\/sl_cm_dcpp264_01_8cef-150x150.webp 150w, https:\/\/tones-syslerier.no\/wp-content\/uploads\/2025\/01\/sl_cm_dcpp264_01_8cef-768x768.webp 768w, https:\/\/tones-syslerier.no\/wp-content\/uploads\/2025\/01\/sl_cm_dcpp264_01_8cef-1536x1536.webp 1536w, https:\/\/tones-syslerier.no\/wp-content\/uploads\/2025\/01\/sl_cm_dcpp264_01_8cef-324x324.webp 324w, https:\/\/tones-syslerier.no\/wp-content\/uploads\/2025\/01\/sl_cm_dcpp264_01_8cef-416x416.webp 416w, https:\/\/tones-syslerier.no\/wp-content\/uploads\/2025\/01\/sl_cm_dcpp264_01_8cef-100x100.webp 100w, https:\/\/tones-syslerier.no\/wp-content\/uploads\/2025\/01\/sl_cm_dcpp264_01_8cef.webp 1600w\" sizes=\"auto, (max-width: 300px) 100vw, 300px\" \/><\/p>\n<p>&nbsp;<\/p>\n<p><img loading=\"lazy\" decoding=\"async\" class=\"alignnone size-medium wp-image-4313\" src=\"https:\/\/tones-syslerier.no\/wp-content\/uploads\/2025\/01\/sl_cm_dcpp264_02_7b27-300x300.webp\" alt=\"\" width=\"300\" height=\"300\" srcset=\"https:\/\/tones-syslerier.no\/wp-content\/uploads\/2025\/01\/sl_cm_dcpp264_02_7b27-300x300.webp 300w, https:\/\/tones-syslerier.no\/wp-content\/uploads\/2025\/01\/sl_cm_dcpp264_02_7b27-1024x1024.webp 1024w, https:\/\/tones-syslerier.no\/wp-content\/uploads\/2025\/01\/sl_cm_dcpp264_02_7b27-150x150.webp 150w, https:\/\/tones-syslerier.no\/wp-content\/uploads\/2025\/01\/sl_cm_dcpp264_02_7b27-768x768.webp 768w, https:\/\/tones-syslerier.no\/wp-content\/uploads\/2025\/01\/sl_cm_dcpp264_02_7b27-1536x1536.webp 1536w, https:\/\/tones-syslerier.no\/wp-content\/uploads\/2025\/01\/sl_cm_dcpp264_02_7b27-324x324.webp 324w, https:\/\/tones-syslerier.no\/wp-content\/uploads\/2025\/01\/sl_cm_dcpp264_02_7b27-416x416.webp 416w, https:\/\/tones-syslerier.no\/wp-content\/uploads\/2025\/01\/sl_cm_dcpp264_02_7b27-100x100.webp 100w, https:\/\/tones-syslerier.no\/wp-content\/uploads\/2025\/01\/sl_cm_dcpp264_02_7b27.webp 1600w\" sizes=\"auto, (max-width: 300px) 100vw, 300px\" \/><\/p>\n","protected":false},"excerpt":{"rendered":"<p>Produktkode SL-CM-DCPP264 Strekkode 8713943156490 Innhold produktvekt 126 Papirvekt 170 Produktm\u00e5l (LxBxH) 148x210x5mm Volum stykker 20 Merke Studio Light Produkttype Papirblokk M\u00f8nstertr\u00e6r, landskap, tekster Scrapbooking, Kortlaging, Art journaling &nbsp; &nbsp;<\/p>\n","protected":false},"featured_media":4312,"comment_status":"open","ping_status":"closed","template":"","meta":[],"product_brand":[],"product_cat":[181,96],"product_tag":[],"class_list":{"0":"post-4311","1":"product","2":"type-product","3":"status-publish","4":"has-post-thumbnail","6":"product_cat-papirprodukter","7":"product_cat-studio-light-paper","9":"first","10":"outofstock","11":"taxable","12":"shipping-taxable","13":"purchasable","14":"product-type-simple"},"_links":{"self":[{"href":"https:\/\/tones-syslerier.no\/index.php\/wp-json\/wp\/v2\/product\/4311","targetHints":{"allow":["GET"]}}],"collection":[{"href":"https:\/\/tones-syslerier.no\/index.php\/wp-json\/wp\/v2\/product"}],"about":[{"href":"https:\/\/tones-syslerier.no\/index.php\/wp-json\/wp\/v2\/types\/product"}],"replies":[{"embeddable":true,"href":"https:\/\/tones-syslerier.no\/index.php\/wp-json\/wp\/v2\/comments?post=4311"}],"wp:featuredmedia":[{"embeddable":true,"href":"https:\/\/tones-syslerier.no\/index.php\/wp-json\/wp\/v2\/media\/4312"}],"wp:attachment":[{"href":"https:\/\/tones-syslerier.no\/index.php\/wp-json\/wp\/v2\/media?parent=4311"}],"wp:term":[{"taxonomy":"product_brand","embeddable":true,"href":"https:\/\/tones-syslerier.no\/index.php\/wp-json\/wp\/v2\/product_brand?post=4311"},{"taxonomy":"product_cat","embeddable":true,"href":"https:\/\/tones-syslerier.no\/index.php\/wp-json\/wp\/v2\/product_cat?post=4311"},{"taxonomy":"product_tag","embeddable":true,"href":"https:\/\/tones-syslerier.no\/index.php\/wp-json\/wp\/v2\/product_tag?post=4311"}],"curies":[{"name":"wp","href":"https:\/\/api.w.org\/{rel}","templated":true}]}}