{"id":4265,"date":"2025-01-13T18:43:07","date_gmt":"2025-01-13T17:43:07","guid":{"rendered":"https:\/\/tones-syslerier.no\/?post_type=product&#038;p=4265"},"modified":"2026-03-04T13:06:01","modified_gmt":"2026-03-04T12:06:01","slug":"we-r-makers-presisjonssaks","status":"publish","type":"product","link":"https:\/\/tones-syslerier.no\/index.php\/produkt\/we-r-makers-presisjonssaks\/","title":{"rendered":"We R Makers \u2022 Presisjonssaks"},"content":{"rendered":"<p>Detaljsaksen fra We R Makers holder detaljene dine skarpe og rene.<\/p>\n<p>Disse bittesm\u00e5 saksene gir store resultater.<\/p>\n<p>Klipp ut sm\u00e5 detaljer fra favorittpapiret ditt for \u00e5 lage pynt, kort og annet papirh\u00e5ndverk.<\/p>\n<p>Denne pakken inkluderer en detaljsaks.<\/p>\n<p>Varekode\u00a0 660243<br \/>\nStrekkode 633356602439<br \/>\nEmballasjem\u00e5l\u00a0 (LxBxH) 18,20 x 8,20 x 1,20 cm<br \/>\nMerkevare\u00a0 We R Makers<br \/>\nProdukttype\u00a0 Saks<br \/>\nSort presisjonssaks<\/p>\n<p>Bruksomr\u00e5der\u00a0 papp, scrapbooking, kortlaging<br \/>\nFarge Hvit<\/p>\n<p>&nbsp;<\/p>\n<p><img loading=\"lazy\" decoding=\"async\" class=\"alignnone size-medium wp-image-4266\" src=\"https:\/\/tones-syslerier.no\/wp-content\/uploads\/2025\/01\/660243_01_1670-300x300.webp\" alt=\"\" width=\"300\" height=\"300\" srcset=\"https:\/\/tones-syslerier.no\/wp-content\/uploads\/2025\/01\/660243_01_1670-300x300.webp 300w, https:\/\/tones-syslerier.no\/wp-content\/uploads\/2025\/01\/660243_01_1670-1024x1024.webp 1024w, https:\/\/tones-syslerier.no\/wp-content\/uploads\/2025\/01\/660243_01_1670-150x150.webp 150w, https:\/\/tones-syslerier.no\/wp-content\/uploads\/2025\/01\/660243_01_1670-768x768.webp 768w, https:\/\/tones-syslerier.no\/wp-content\/uploads\/2025\/01\/660243_01_1670-1536x1536.webp 1536w, https:\/\/tones-syslerier.no\/wp-content\/uploads\/2025\/01\/660243_01_1670-324x324.webp 324w, https:\/\/tones-syslerier.no\/wp-content\/uploads\/2025\/01\/660243_01_1670-416x416.webp 416w, https:\/\/tones-syslerier.no\/wp-content\/uploads\/2025\/01\/660243_01_1670-100x100.webp 100w, https:\/\/tones-syslerier.no\/wp-content\/uploads\/2025\/01\/660243_01_1670.webp 1600w\" sizes=\"auto, (max-width: 300px) 100vw, 300px\" \/><\/p>\n","protected":false},"excerpt":{"rendered":"<p>Detaljsaksen fra We R Makers holder detaljene dine skarpe og rene. Disse bittesm\u00e5 saksene gir store resultater. Klipp ut sm\u00e5 detaljer fra favorittpapiret ditt for \u00e5 lage pynt, kort og annet papirh\u00e5ndverk. Denne pakken inkluderer en detaljsaks. Varekode\u00a0 660243 Strekkode 633356602439 Emballasjem\u00e5l\u00a0 (LxBxH) 18,20 x 8,20 x 1,20 cm Merkevare\u00a0 We R Makers Produkttype\u00a0 Saks [&hellip;]<\/p>\n","protected":false},"featured_media":4266,"comment_status":"open","ping_status":"closed","template":"","meta":[],"product_brand":[],"product_cat":[161],"product_tag":[],"class_list":{"0":"post-4265","1":"product","2":"type-product","3":"status-publish","4":"has-post-thumbnail","6":"product_cat-we-r-makers","8":"first","9":"outofstock","10":"taxable","11":"shipping-taxable","12":"purchasable","13":"product-type-simple"},"_links":{"self":[{"href":"https:\/\/tones-syslerier.no\/index.php\/wp-json\/wp\/v2\/product\/4265","targetHints":{"allow":["GET"]}}],"collection":[{"href":"https:\/\/tones-syslerier.no\/index.php\/wp-json\/wp\/v2\/product"}],"about":[{"href":"https:\/\/tones-syslerier.no\/index.php\/wp-json\/wp\/v2\/types\/product"}],"replies":[{"embeddable":true,"href":"https:\/\/tones-syslerier.no\/index.php\/wp-json\/wp\/v2\/comments?post=4265"}],"wp:featuredmedia":[{"embeddable":true,"href":"https:\/\/tones-syslerier.no\/index.php\/wp-json\/wp\/v2\/media\/4266"}],"wp:attachment":[{"href":"https:\/\/tones-syslerier.no\/index.php\/wp-json\/wp\/v2\/media?parent=4265"}],"wp:term":[{"taxonomy":"product_brand","embeddable":true,"href":"https:\/\/tones-syslerier.no\/index.php\/wp-json\/wp\/v2\/product_brand?post=4265"},{"taxonomy":"product_cat","embeddable":true,"href":"https:\/\/tones-syslerier.no\/index.php\/wp-json\/wp\/v2\/product_cat?post=4265"},{"taxonomy":"product_tag","embeddable":true,"href":"https:\/\/tones-syslerier.no\/index.php\/wp-json\/wp\/v2\/product_tag?post=4265"}],"curies":[{"name":"wp","href":"https:\/\/api.w.org\/{rel}","templated":true}]}}