{"id":4178,"date":"2024-11-22T14:46:54","date_gmt":"2024-11-22T13:46:54","guid":{"rendered":"https:\/\/tones-syslerier.no\/?post_type=product&#038;p=4178"},"modified":"2025-02-11T13:16:32","modified_gmt":"2025-02-11T12:16:32","slug":"nellies-choice-powerboss-a4-electric","status":"publish","type":"product","link":"https:\/\/tones-syslerier.no\/index.php\/produkt\/nellies-choice-powerboss-a4-electric\/","title":{"rendered":"Nellie&#8217;s Choice \u2022 PowerBoss A4 Electric"},"content":{"rendered":"<p>Elektrisk stanse- og pregemaskin<br \/>\nPasser for alle typer materialer opp til A4-st\u00f8rrelse<br \/>\nInkluderer alle n\u00f8dvendige plater<\/p>\n<p>Nellie Snellens PowerBoss elektriske stanse- og pregemaskin kutter og preger alle slags materialer opp til A4-st\u00f8rrelse. Fra papir og kartong til stoff, skum og filt opptil 270 g. I tillegg trenger du kun de medf\u00f8lgende platene og pregematten for \u00e5 lage de vakreste utskj\u00e6ringene og pregedekorasjonene med en skj\u00e6remal eller pregemappe etter eget valg.<\/p>\n<p>Skap dybde i kortene dine og lag det vakreste h\u00e5ndverket ved \u00e5 kombinere forskjellige materialer. Se h\u00e5ndboken som f\u00f8lger med og\/eller produktvideoen for alle bruksomr\u00e5der. PowerBoy er veldig stabil og fordi du ikke lenger trenger \u00e5 dreie p\u00e5 et h\u00e5ndtak, er stansing og preging enda enklere!<\/p>\n<p>PowerBoy inkluderer f\u00f8lgende:<\/p>\n<p>2 transparente plater 3 mm A4<br \/>\n1 gjennomsiktig plate 5 mm A4<br \/>\n1 metallskj\u00e6replate A4<br \/>\n1 magnetisk plate A4<br \/>\n1 pregematte A4<br \/>\nStr\u00f8mledning<br \/>\nH\u00e5ndbok<br \/>\nPlatene og pregematten m\u00e5 etter hvert skiftes ut og er tilgjengelig separat.<\/p>\n<p>Vennligst merk! Bruk aldri maskinen i mer enn 1 time av gangen for \u00e5 unng\u00e5 overbelastning.<\/p>\n<p>&nbsp;<\/p>\n<p><img loading=\"lazy\" decoding=\"async\" class=\"alignnone size-medium wp-image-4179\" src=\"https:\/\/tones-syslerier.no\/wp-content\/uploads\/2024\/11\/epb001_01_ca1b-300x300.webp\" alt=\"\" width=\"300\" height=\"300\" srcset=\"https:\/\/tones-syslerier.no\/wp-content\/uploads\/2024\/11\/epb001_01_ca1b-300x300.webp 300w, https:\/\/tones-syslerier.no\/wp-content\/uploads\/2024\/11\/epb001_01_ca1b-1024x1024.webp 1024w, https:\/\/tones-syslerier.no\/wp-content\/uploads\/2024\/11\/epb001_01_ca1b-150x150.webp 150w, https:\/\/tones-syslerier.no\/wp-content\/uploads\/2024\/11\/epb001_01_ca1b-768x768.webp 768w, https:\/\/tones-syslerier.no\/wp-content\/uploads\/2024\/11\/epb001_01_ca1b-1536x1536.webp 1536w, https:\/\/tones-syslerier.no\/wp-content\/uploads\/2024\/11\/epb001_01_ca1b-1320x1320.webp 1320w, https:\/\/tones-syslerier.no\/wp-content\/uploads\/2024\/11\/epb001_01_ca1b-324x324.webp 324w, https:\/\/tones-syslerier.no\/wp-content\/uploads\/2024\/11\/epb001_01_ca1b-416x416.webp 416w, https:\/\/tones-syslerier.no\/wp-content\/uploads\/2024\/11\/epb001_01_ca1b-100x100.webp 100w, https:\/\/tones-syslerier.no\/wp-content\/uploads\/2024\/11\/epb001_01_ca1b.webp 1600w\" sizes=\"auto, (max-width: 300px) 100vw, 300px\" \/><\/p>\n<p>&nbsp;<\/p>\n<p><img loading=\"lazy\" decoding=\"async\" class=\"alignnone size-medium wp-image-4180\" src=\"https:\/\/tones-syslerier.no\/wp-content\/uploads\/2024\/11\/epb001_02_d7e2-300x300.webp\" alt=\"\" width=\"300\" height=\"300\" srcset=\"https:\/\/tones-syslerier.no\/wp-content\/uploads\/2024\/11\/epb001_02_d7e2-300x300.webp 300w, https:\/\/tones-syslerier.no\/wp-content\/uploads\/2024\/11\/epb001_02_d7e2-1024x1024.webp 1024w, https:\/\/tones-syslerier.no\/wp-content\/uploads\/2024\/11\/epb001_02_d7e2-150x150.webp 150w, https:\/\/tones-syslerier.no\/wp-content\/uploads\/2024\/11\/epb001_02_d7e2-768x768.webp 768w, https:\/\/tones-syslerier.no\/wp-content\/uploads\/2024\/11\/epb001_02_d7e2-1536x1536.webp 1536w, https:\/\/tones-syslerier.no\/wp-content\/uploads\/2024\/11\/epb001_02_d7e2-2048x2048.webp 2048w, https:\/\/tones-syslerier.no\/wp-content\/uploads\/2024\/11\/epb001_02_d7e2-1320x1320.webp 1320w, https:\/\/tones-syslerier.no\/wp-content\/uploads\/2024\/11\/epb001_02_d7e2-324x324.webp 324w, https:\/\/tones-syslerier.no\/wp-content\/uploads\/2024\/11\/epb001_02_d7e2-416x416.webp 416w, https:\/\/tones-syslerier.no\/wp-content\/uploads\/2024\/11\/epb001_02_d7e2-100x100.webp 100w\" sizes=\"auto, (max-width: 300px) 100vw, 300px\" \/><\/p>\n<p>&nbsp;<\/p>\n<p><img loading=\"lazy\" decoding=\"async\" class=\"alignnone size-medium wp-image-4181\" src=\"https:\/\/tones-syslerier.no\/wp-content\/uploads\/2024\/11\/epb001_03_a3a1-300x300.webp\" alt=\"\" width=\"300\" height=\"300\" srcset=\"https:\/\/tones-syslerier.no\/wp-content\/uploads\/2024\/11\/epb001_03_a3a1-300x300.webp 300w, https:\/\/tones-syslerier.no\/wp-content\/uploads\/2024\/11\/epb001_03_a3a1-1024x1024.webp 1024w, https:\/\/tones-syslerier.no\/wp-content\/uploads\/2024\/11\/epb001_03_a3a1-150x150.webp 150w, https:\/\/tones-syslerier.no\/wp-content\/uploads\/2024\/11\/epb001_03_a3a1-768x768.webp 768w, https:\/\/tones-syslerier.no\/wp-content\/uploads\/2024\/11\/epb001_03_a3a1-1536x1536.webp 1536w, https:\/\/tones-syslerier.no\/wp-content\/uploads\/2024\/11\/epb001_03_a3a1-2048x2048.webp 2048w, https:\/\/tones-syslerier.no\/wp-content\/uploads\/2024\/11\/epb001_03_a3a1-1320x1320.webp 1320w, https:\/\/tones-syslerier.no\/wp-content\/uploads\/2024\/11\/epb001_03_a3a1-324x324.webp 324w, https:\/\/tones-syslerier.no\/wp-content\/uploads\/2024\/11\/epb001_03_a3a1-416x416.webp 416w, https:\/\/tones-syslerier.no\/wp-content\/uploads\/2024\/11\/epb001_03_a3a1-100x100.webp 100w\" sizes=\"auto, (max-width: 300px) 100vw, 300px\" \/><\/p>\n<p>&nbsp;<\/p>\n<p><img loading=\"lazy\" decoding=\"async\" class=\"alignnone size-medium wp-image-4182\" src=\"https:\/\/tones-syslerier.no\/wp-content\/uploads\/2024\/11\/epb001_04_e3dd-300x300.webp\" alt=\"\" width=\"300\" height=\"300\" srcset=\"https:\/\/tones-syslerier.no\/wp-content\/uploads\/2024\/11\/epb001_04_e3dd-300x300.webp 300w, https:\/\/tones-syslerier.no\/wp-content\/uploads\/2024\/11\/epb001_04_e3dd-1024x1024.webp 1024w, https:\/\/tones-syslerier.no\/wp-content\/uploads\/2024\/11\/epb001_04_e3dd-150x150.webp 150w, https:\/\/tones-syslerier.no\/wp-content\/uploads\/2024\/11\/epb001_04_e3dd-768x768.webp 768w, https:\/\/tones-syslerier.no\/wp-content\/uploads\/2024\/11\/epb001_04_e3dd-1536x1536.webp 1536w, https:\/\/tones-syslerier.no\/wp-content\/uploads\/2024\/11\/epb001_04_e3dd-2048x2048.webp 2048w, https:\/\/tones-syslerier.no\/wp-content\/uploads\/2024\/11\/epb001_04_e3dd-1320x1320.webp 1320w, https:\/\/tones-syslerier.no\/wp-content\/uploads\/2024\/11\/epb001_04_e3dd-324x324.webp 324w, https:\/\/tones-syslerier.no\/wp-content\/uploads\/2024\/11\/epb001_04_e3dd-416x416.webp 416w, https:\/\/tones-syslerier.no\/wp-content\/uploads\/2024\/11\/epb001_04_e3dd-100x100.webp 100w\" sizes=\"auto, (max-width: 300px) 100vw, 300px\" \/><\/p>\n<p>&nbsp;<\/p>\n<p><img loading=\"lazy\" decoding=\"async\" class=\"alignnone size-medium wp-image-4183\" src=\"https:\/\/tones-syslerier.no\/wp-content\/uploads\/2024\/11\/epb001_05_2052-300x300.webp\" alt=\"\" width=\"300\" height=\"300\" srcset=\"https:\/\/tones-syslerier.no\/wp-content\/uploads\/2024\/11\/epb001_05_2052-300x300.webp 300w, https:\/\/tones-syslerier.no\/wp-content\/uploads\/2024\/11\/epb001_05_2052-1024x1024.webp 1024w, https:\/\/tones-syslerier.no\/wp-content\/uploads\/2024\/11\/epb001_05_2052-150x150.webp 150w, https:\/\/tones-syslerier.no\/wp-content\/uploads\/2024\/11\/epb001_05_2052-768x768.webp 768w, https:\/\/tones-syslerier.no\/wp-content\/uploads\/2024\/11\/epb001_05_2052-1536x1536.webp 1536w, https:\/\/tones-syslerier.no\/wp-content\/uploads\/2024\/11\/epb001_05_2052-2048x2048.webp 2048w, https:\/\/tones-syslerier.no\/wp-content\/uploads\/2024\/11\/epb001_05_2052-1320x1320.webp 1320w, https:\/\/tones-syslerier.no\/wp-content\/uploads\/2024\/11\/epb001_05_2052-324x324.webp 324w, https:\/\/tones-syslerier.no\/wp-content\/uploads\/2024\/11\/epb001_05_2052-416x416.webp 416w, https:\/\/tones-syslerier.no\/wp-content\/uploads\/2024\/11\/epb001_05_2052-100x100.webp 100w\" sizes=\"auto, (max-width: 300px) 100vw, 300px\" \/><\/p>\n<table class=\"MuiTable-root mui-style-psy3c5\">\n<tbody class=\"MuiTableBody-root mui-style-1xnox0e\">\n<tr class=\"MuiTableRow-root mui-style-1o2uttb\">\n<td class=\"MuiTableCell-root MuiTableCell-body MuiTableCell-sizeMedium mui-style-tougca\">Artikelcode<\/td>\n<td class=\"MuiTableCell-root MuiTableCell-body MuiTableCell-sizeMedium mui-style-tougca\">EPB001<\/td>\n<\/tr>\n<tr class=\"MuiTableRow-root mui-style-1o2uttb\">\n<td class=\"MuiTableCell-root MuiTableCell-body MuiTableCell-sizeMedium mui-style-tougca\">Barcode<\/td>\n<td class=\"MuiTableCell-root MuiTableCell-body MuiTableCell-sizeMedium mui-style-tougca\">8719743091566<\/td>\n<\/tr>\n<tr class=\"MuiTableRow-root mui-style-1o2uttb\">\n<td class=\"MuiTableCell-root MuiTableCell-body MuiTableCell-sizeMedium mui-style-tougca\">Brand<\/td>\n<td class=\"MuiTableCell-root MuiTableCell-body MuiTableCell-sizeMedium mui-style-tougca\">Nellie&#8217;s Choice<\/td>\n<\/tr>\n<tr class=\"MuiTableRow-root mui-style-1o2uttb\">\n<td class=\"MuiTableCell-root MuiTableCell-body MuiTableCell-sizeMedium mui-style-tougca\">Product type<\/td>\n<td class=\"MuiTableCell-root MuiTableCell-body MuiTableCell-sizeMedium mui-style-tougca\">Machinery<\/td>\n<\/tr>\n<tr class=\"MuiTableRow-root mui-style-1o2uttb\">\n<td class=\"MuiTableCell-root MuiTableCell-body MuiTableCell-sizeMedium mui-style-tougca\">Material<\/td>\n<td class=\"MuiTableCell-root MuiTableCell-body MuiTableCell-sizeMedium mui-style-tougca\">Metal<\/td>\n<\/tr>\n<tr class=\"MuiTableRow-root mui-style-1o2uttb\">\n<td class=\"MuiTableCell-root MuiTableCell-body MuiTableCell-sizeMedium mui-style-tougca\">Application<\/td>\n<td class=\"MuiTableCell-root MuiTableCell-body MuiTableCell-sizeMedium mui-style-tougca\">Paper, Scrapbooking, Card making, Mixed Media, Art journaling<\/td>\n<\/tr>\n<tr class=\"MuiTableRow-root mui-style-1o2uttb\">\n<td class=\"MuiTableCell-root MuiTableCell-body MuiTableCell-sizeMedium mui-style-tougca\">Designer<\/td>\n<td class=\"MuiTableCell-root MuiTableCell-body MuiTableCell-sizeMedium mui-style-tougca\">Nellie Snellen<\/td>\n<\/tr>\n<tr class=\"MuiTableRow-root mui-style-1o2uttb\">\n<td class=\"MuiTableCell-root MuiTableCell-body MuiTableCell-sizeMedium mui-style-tougca\">Color<\/td>\n<td class=\"MuiTableCell-root MuiTableCell-body MuiTableCell-sizeMedium mui-style-tougca\">Multi<\/td>\n<\/tr>\n<\/tbody>\n<\/table>\n","protected":false},"excerpt":{"rendered":"<p>Elektrisk stanse- og pregemaskin Passer for alle typer materialer opp til A4-st\u00f8rrelse Inkluderer alle n\u00f8dvendige plater Nellie Snellens PowerBoss elektriske stanse- og pregemaskin kutter og preger alle slags materialer opp til A4-st\u00f8rrelse. Fra papir og kartong til stoff, skum og filt opptil 270 g. I tillegg trenger du kun de medf\u00f8lgende platene og pregematten for [&hellip;]<\/p>\n","protected":false},"featured_media":4179,"comment_status":"open","ping_status":"closed","template":"","meta":[],"product_brand":[],"product_cat":[157,89],"product_tag":[],"class_list":{"0":"post-4178","1":"product","2":"type-product","3":"status-publish","4":"has-post-thumbnail","6":"product_cat-maskiner","7":"product_cat-nellies-choice-utstyr","9":"first","10":"onbackorder","11":"taxable","12":"shipping-taxable","13":"purchasable","14":"product-type-simple"},"_links":{"self":[{"href":"https:\/\/tones-syslerier.no\/index.php\/wp-json\/wp\/v2\/product\/4178","targetHints":{"allow":["GET"]}}],"collection":[{"href":"https:\/\/tones-syslerier.no\/index.php\/wp-json\/wp\/v2\/product"}],"about":[{"href":"https:\/\/tones-syslerier.no\/index.php\/wp-json\/wp\/v2\/types\/product"}],"replies":[{"embeddable":true,"href":"https:\/\/tones-syslerier.no\/index.php\/wp-json\/wp\/v2\/comments?post=4178"}],"wp:featuredmedia":[{"embeddable":true,"href":"https:\/\/tones-syslerier.no\/index.php\/wp-json\/wp\/v2\/media\/4179"}],"wp:attachment":[{"href":"https:\/\/tones-syslerier.no\/index.php\/wp-json\/wp\/v2\/media?parent=4178"}],"wp:term":[{"taxonomy":"product_brand","embeddable":true,"href":"https:\/\/tones-syslerier.no\/index.php\/wp-json\/wp\/v2\/product_brand?post=4178"},{"taxonomy":"product_cat","embeddable":true,"href":"https:\/\/tones-syslerier.no\/index.php\/wp-json\/wp\/v2\/product_cat?post=4178"},{"taxonomy":"product_tag","embeddable":true,"href":"https:\/\/tones-syslerier.no\/index.php\/wp-json\/wp\/v2\/product_tag?post=4178"}],"curies":[{"name":"wp","href":"https:\/\/api.w.org\/{rel}","templated":true}]}}