{"id":4086,"date":"2024-10-23T10:58:30","date_gmt":"2024-10-23T08:58:30","guid":{"rendered":"https:\/\/tones-syslerier.no\/?post_type=product&#038;p=4086"},"modified":"2025-12-28T12:44:14","modified_gmt":"2025-12-28T11:44:14","slug":"go1063-metalltrad-gull-04mm","status":"publish","type":"product","link":"https:\/\/tones-syslerier.no\/index.php\/produkt\/go1063-metalltrad-gull-04mm\/","title":{"rendered":"GO1063 Metalltr\u00e5d Gull 0,4mm"},"content":{"rendered":"<p>Metalltr\u00e5d. Smykketilbeh\u00f8r.<\/p>\n<p>Tykkelse: 0,4mm. Lengde: 10m<\/p>\n<p>&nbsp;<\/p>\n<p><img loading=\"lazy\" decoding=\"async\" class=\"alignnone size-medium wp-image-4087\" src=\"https:\/\/tones-syslerier.no\/wp-content\/uploads\/2024\/10\/go1063-300x300.webp\" alt=\"\" width=\"300\" height=\"300\" srcset=\"https:\/\/tones-syslerier.no\/wp-content\/uploads\/2024\/10\/go1063-300x300.webp 300w, https:\/\/tones-syslerier.no\/wp-content\/uploads\/2024\/10\/go1063-150x150.webp 150w, https:\/\/tones-syslerier.no\/wp-content\/uploads\/2024\/10\/go1063-768x768.webp 768w, https:\/\/tones-syslerier.no\/wp-content\/uploads\/2024\/10\/go1063-324x324.webp 324w, https:\/\/tones-syslerier.no\/wp-content\/uploads\/2024\/10\/go1063-416x416.webp 416w, https:\/\/tones-syslerier.no\/wp-content\/uploads\/2024\/10\/go1063-100x100.webp 100w, https:\/\/tones-syslerier.no\/wp-content\/uploads\/2024\/10\/go1063.webp 1000w\" sizes=\"auto, (max-width: 300px) 100vw, 300px\" \/><\/p>\n<p>&nbsp;<\/p>\n<p>&nbsp;<\/p>\n","protected":false},"excerpt":{"rendered":"<p>Metalltr\u00e5d. Smykketilbeh\u00f8r. Tykkelse: 0,4mm. Lengde: 10m &nbsp; &nbsp; &nbsp;<\/p>\n","protected":false},"featured_media":4087,"comment_status":"open","ping_status":"closed","template":"","meta":[],"product_brand":[],"product_cat":[153,155],"product_tag":[],"class_list":{"0":"post-4086","1":"product","2":"type-product","3":"status-publish","4":"has-post-thumbnail","6":"product_cat-perler-og-utstyr","7":"product_cat-knuteskjuler","9":"first","10":"instock","11":"taxable","12":"shipping-taxable","13":"purchasable","14":"product-type-simple"},"_links":{"self":[{"href":"https:\/\/tones-syslerier.no\/index.php\/wp-json\/wp\/v2\/product\/4086","targetHints":{"allow":["GET"]}}],"collection":[{"href":"https:\/\/tones-syslerier.no\/index.php\/wp-json\/wp\/v2\/product"}],"about":[{"href":"https:\/\/tones-syslerier.no\/index.php\/wp-json\/wp\/v2\/types\/product"}],"replies":[{"embeddable":true,"href":"https:\/\/tones-syslerier.no\/index.php\/wp-json\/wp\/v2\/comments?post=4086"}],"wp:featuredmedia":[{"embeddable":true,"href":"https:\/\/tones-syslerier.no\/index.php\/wp-json\/wp\/v2\/media\/4087"}],"wp:attachment":[{"href":"https:\/\/tones-syslerier.no\/index.php\/wp-json\/wp\/v2\/media?parent=4086"}],"wp:term":[{"taxonomy":"product_brand","embeddable":true,"href":"https:\/\/tones-syslerier.no\/index.php\/wp-json\/wp\/v2\/product_brand?post=4086"},{"taxonomy":"product_cat","embeddable":true,"href":"https:\/\/tones-syslerier.no\/index.php\/wp-json\/wp\/v2\/product_cat?post=4086"},{"taxonomy":"product_tag","embeddable":true,"href":"https:\/\/tones-syslerier.no\/index.php\/wp-json\/wp\/v2\/product_tag?post=4086"}],"curies":[{"name":"wp","href":"https:\/\/api.w.org\/{rel}","templated":true}]}}