{"id":4084,"date":"2024-10-23T10:55:22","date_gmt":"2024-10-23T08:55:22","guid":{"rendered":"https:\/\/tones-syslerier.no\/?post_type=product&#038;p=4084"},"modified":"2025-12-28T12:44:46","modified_gmt":"2025-12-28T11:44:46","slug":"go1062-smykkestrikk-04mm","status":"publish","type":"product","link":"https:\/\/tones-syslerier.no\/index.php\/produkt\/go1062-smykkestrikk-04mm\/","title":{"rendered":"TR101B Smykkestrikk 0,8mm"},"content":{"rendered":"<p>Elastisk transparang strikk. Brukes til smykker\/armb\u00e5nd men ogs\u00e5 til \u00e5 sy inn i for eksempel slakke vrangborder p\u00e5 strikkeprosjekter<\/p>\n<p>Tykkelse: 0,8 mm. Lengde: 8 m<\/p>\n<p>&nbsp;<\/p>\n<p><img loading=\"lazy\" decoding=\"async\" class=\"alignnone size-medium wp-image-4094\" src=\"https:\/\/tones-syslerier.no\/wp-content\/uploads\/2024\/10\/tr101b-300x300.webp\" alt=\"\" width=\"300\" height=\"300\" srcset=\"https:\/\/tones-syslerier.no\/wp-content\/uploads\/2024\/10\/tr101b-300x300.webp 300w, https:\/\/tones-syslerier.no\/wp-content\/uploads\/2024\/10\/tr101b-150x150.webp 150w, https:\/\/tones-syslerier.no\/wp-content\/uploads\/2024\/10\/tr101b-768x768.webp 768w, https:\/\/tones-syslerier.no\/wp-content\/uploads\/2024\/10\/tr101b-324x324.webp 324w, https:\/\/tones-syslerier.no\/wp-content\/uploads\/2024\/10\/tr101b-416x416.webp 416w, https:\/\/tones-syslerier.no\/wp-content\/uploads\/2024\/10\/tr101b-100x100.webp 100w, https:\/\/tones-syslerier.no\/wp-content\/uploads\/2024\/10\/tr101b.webp 1000w\" sizes=\"auto, (max-width: 300px) 100vw, 300px\" \/><\/p>\n","protected":false},"excerpt":{"rendered":"<p>Elastisk transparang strikk. Brukes til smykker\/armb\u00e5nd men ogs\u00e5 til \u00e5 sy inn i for eksempel slakke vrangborder p\u00e5 strikkeprosjekter Tykkelse: 0,8 mm. Lengde: 8 m &nbsp;<\/p>\n","protected":false},"featured_media":4094,"comment_status":"open","ping_status":"closed","template":"","meta":[],"product_brand":[],"product_cat":[153,155],"product_tag":[],"class_list":{"0":"post-4084","1":"product","2":"type-product","3":"status-publish","4":"has-post-thumbnail","6":"product_cat-perler-og-utstyr","7":"product_cat-knuteskjuler","9":"first","10":"instock","11":"taxable","12":"shipping-taxable","13":"purchasable","14":"product-type-simple"},"_links":{"self":[{"href":"https:\/\/tones-syslerier.no\/index.php\/wp-json\/wp\/v2\/product\/4084","targetHints":{"allow":["GET"]}}],"collection":[{"href":"https:\/\/tones-syslerier.no\/index.php\/wp-json\/wp\/v2\/product"}],"about":[{"href":"https:\/\/tones-syslerier.no\/index.php\/wp-json\/wp\/v2\/types\/product"}],"replies":[{"embeddable":true,"href":"https:\/\/tones-syslerier.no\/index.php\/wp-json\/wp\/v2\/comments?post=4084"}],"wp:featuredmedia":[{"embeddable":true,"href":"https:\/\/tones-syslerier.no\/index.php\/wp-json\/wp\/v2\/media\/4094"}],"wp:attachment":[{"href":"https:\/\/tones-syslerier.no\/index.php\/wp-json\/wp\/v2\/media?parent=4084"}],"wp:term":[{"taxonomy":"product_brand","embeddable":true,"href":"https:\/\/tones-syslerier.no\/index.php\/wp-json\/wp\/v2\/product_brand?post=4084"},{"taxonomy":"product_cat","embeddable":true,"href":"https:\/\/tones-syslerier.no\/index.php\/wp-json\/wp\/v2\/product_cat?post=4084"},{"taxonomy":"product_tag","embeddable":true,"href":"https:\/\/tones-syslerier.no\/index.php\/wp-json\/wp\/v2\/product_tag?post=4084"}],"curies":[{"name":"wp","href":"https:\/\/api.w.org\/{rel}","templated":true}]}}