{"id":3815,"date":"2024-08-28T21:37:53","date_gmt":"2024-08-28T19:37:53","guid":{"rendered":"https:\/\/tones-syslerier.no\/?post_type=product&#038;p=3815"},"modified":"2026-02-01T00:09:58","modified_gmt":"2026-01-31T23:09:58","slug":"gp209-glitterkartong-lys-rosa","status":"publish","type":"product","link":"https:\/\/tones-syslerier.no\/index.php\/produkt\/gp209-glitterkartong-lys-rosa\/","title":{"rendered":"GP217 Glitterkartong Lys Rosa"},"content":{"rendered":"<p>Kraftig kartong med glitter i A4 st\u00f8rrelse. Drysser ikke og er enkle \u00e5 stanse ut figurer i.<\/p>\n<p>St\u00f8rrelse: A4 \/ 21&#215;29,7 cm<\/p>\n<p>&nbsp;<\/p>\n<p><img loading=\"lazy\" decoding=\"async\" class=\"alignnone size-medium wp-image-3816\" src=\"https:\/\/tones-syslerier.no\/wp-content\/uploads\/2024\/08\/gp217-300x300.webp\" alt=\"\" width=\"300\" height=\"300\" srcset=\"https:\/\/tones-syslerier.no\/wp-content\/uploads\/2024\/08\/gp217-300x300.webp 300w, https:\/\/tones-syslerier.no\/wp-content\/uploads\/2024\/08\/gp217-150x150.webp 150w, https:\/\/tones-syslerier.no\/wp-content\/uploads\/2024\/08\/gp217-768x768.webp 768w, https:\/\/tones-syslerier.no\/wp-content\/uploads\/2024\/08\/gp217-324x324.webp 324w, https:\/\/tones-syslerier.no\/wp-content\/uploads\/2024\/08\/gp217-416x416.webp 416w, https:\/\/tones-syslerier.no\/wp-content\/uploads\/2024\/08\/gp217-100x100.webp 100w, https:\/\/tones-syslerier.no\/wp-content\/uploads\/2024\/08\/gp217.webp 1000w\" sizes=\"auto, (max-width: 300px) 100vw, 300px\" \/><\/p>\n","protected":false},"excerpt":{"rendered":"<p>Kraftig kartong med glitter i A4 st\u00f8rrelse. Drysser ikke og er enkle \u00e5 stanse ut figurer i. St\u00f8rrelse: A4 \/ 21&#215;29,7 cm &nbsp;<\/p>\n","protected":false},"featured_media":3816,"comment_status":"open","ping_status":"closed","template":"","meta":[],"product_brand":[],"product_cat":[80],"product_tag":[],"class_list":{"0":"post-3815","1":"product","2":"type-product","3":"status-publish","4":"has-post-thumbnail","6":"product_cat-glitterkartong","8":"first","9":"instock","10":"taxable","11":"shipping-taxable","12":"purchasable","13":"product-type-simple"},"_links":{"self":[{"href":"https:\/\/tones-syslerier.no\/index.php\/wp-json\/wp\/v2\/product\/3815","targetHints":{"allow":["GET"]}}],"collection":[{"href":"https:\/\/tones-syslerier.no\/index.php\/wp-json\/wp\/v2\/product"}],"about":[{"href":"https:\/\/tones-syslerier.no\/index.php\/wp-json\/wp\/v2\/types\/product"}],"replies":[{"embeddable":true,"href":"https:\/\/tones-syslerier.no\/index.php\/wp-json\/wp\/v2\/comments?post=3815"}],"wp:featuredmedia":[{"embeddable":true,"href":"https:\/\/tones-syslerier.no\/index.php\/wp-json\/wp\/v2\/media\/3816"}],"wp:attachment":[{"href":"https:\/\/tones-syslerier.no\/index.php\/wp-json\/wp\/v2\/media?parent=3815"}],"wp:term":[{"taxonomy":"product_brand","embeddable":true,"href":"https:\/\/tones-syslerier.no\/index.php\/wp-json\/wp\/v2\/product_brand?post=3815"},{"taxonomy":"product_cat","embeddable":true,"href":"https:\/\/tones-syslerier.no\/index.php\/wp-json\/wp\/v2\/product_cat?post=3815"},{"taxonomy":"product_tag","embeddable":true,"href":"https:\/\/tones-syslerier.no\/index.php\/wp-json\/wp\/v2\/product_tag?post=3815"}],"curies":[{"name":"wp","href":"https:\/\/api.w.org\/{rel}","templated":true}]}}