{"id":2683,"date":"2024-04-22T13:43:41","date_gmt":"2024-04-22T11:43:41","guid":{"rendered":"https:\/\/tones-syslerier.no\/?post_type=product&#038;p=2683"},"modified":"2026-03-01T12:49:49","modified_gmt":"2026-03-01T11:49:49","slug":"stickers-bryllup-6259","status":"publish","type":"product","link":"https:\/\/tones-syslerier.no\/index.php\/produkt\/stickers-bryllup-6259\/","title":{"rendered":"Stickers Bryllup 6259"},"content":{"rendered":"<p>Tekster p\u00e5 matt 200g kartong, selvklebende p\u00e5 brett. Syrefritt. Brudepar,tro, h\u00e5p, lykke, gratulerer, kj\u00e6rlighet, gratulasjoner, nygift, eksteskap<\/p>\n<p>St\u00f8rrelse: 140x240mm<\/p>\n<p>&nbsp;<\/p>\n<p><img loading=\"lazy\" decoding=\"async\" class=\"alignnone size-medium wp-image-2684\" src=\"https:\/\/tones-syslerier.no\/wp-content\/uploads\/2024\/04\/st1018-jpg-300x300.webp\" alt=\"\" width=\"300\" height=\"300\" srcset=\"https:\/\/tones-syslerier.no\/wp-content\/uploads\/2024\/04\/st1018-jpg-300x300.webp 300w, https:\/\/tones-syslerier.no\/wp-content\/uploads\/2024\/04\/st1018-jpg-150x150.webp 150w, https:\/\/tones-syslerier.no\/wp-content\/uploads\/2024\/04\/st1018-jpg-324x324.webp 324w, https:\/\/tones-syslerier.no\/wp-content\/uploads\/2024\/04\/st1018-jpg-100x100.webp 100w, https:\/\/tones-syslerier.no\/wp-content\/uploads\/2024\/04\/st1018-jpg.webp 400w\" sizes=\"auto, (max-width: 300px) 100vw, 300px\" \/><\/p>\n","protected":false},"excerpt":{"rendered":"<p>Tekster p\u00e5 matt 200g kartong, selvklebende p\u00e5 brett. Syrefritt. Brudepar,tro, h\u00e5p, lykke, gratulerer, kj\u00e6rlighet, gratulasjoner, nygift, eksteskap St\u00f8rrelse: 140x240mm &nbsp;<\/p>\n","protected":false},"featured_media":2684,"comment_status":"open","ping_status":"closed","template":"","meta":[],"product_brand":[],"product_cat":[195,35],"product_tag":[],"class_list":{"0":"post-2683","1":"product","2":"type-product","3":"status-publish","4":"has-post-thumbnail","6":"product_cat-stickers-flere-typer","7":"product_cat-stickers","9":"first","10":"instock","11":"taxable","12":"shipping-taxable","13":"purchasable","14":"product-type-simple"},"_links":{"self":[{"href":"https:\/\/tones-syslerier.no\/index.php\/wp-json\/wp\/v2\/product\/2683","targetHints":{"allow":["GET"]}}],"collection":[{"href":"https:\/\/tones-syslerier.no\/index.php\/wp-json\/wp\/v2\/product"}],"about":[{"href":"https:\/\/tones-syslerier.no\/index.php\/wp-json\/wp\/v2\/types\/product"}],"replies":[{"embeddable":true,"href":"https:\/\/tones-syslerier.no\/index.php\/wp-json\/wp\/v2\/comments?post=2683"}],"wp:featuredmedia":[{"embeddable":true,"href":"https:\/\/tones-syslerier.no\/index.php\/wp-json\/wp\/v2\/media\/2684"}],"wp:attachment":[{"href":"https:\/\/tones-syslerier.no\/index.php\/wp-json\/wp\/v2\/media?parent=2683"}],"wp:term":[{"taxonomy":"product_brand","embeddable":true,"href":"https:\/\/tones-syslerier.no\/index.php\/wp-json\/wp\/v2\/product_brand?post=2683"},{"taxonomy":"product_cat","embeddable":true,"href":"https:\/\/tones-syslerier.no\/index.php\/wp-json\/wp\/v2\/product_cat?post=2683"},{"taxonomy":"product_tag","embeddable":true,"href":"https:\/\/tones-syslerier.no\/index.php\/wp-json\/wp\/v2\/product_tag?post=2683"}],"curies":[{"name":"wp","href":"https:\/\/api.w.org\/{rel}","templated":true}]}}