{"id":2650,"date":"2024-04-17T20:04:01","date_gmt":"2024-04-17T18:04:01","guid":{"rendered":"https:\/\/tones-syslerier.no\/?post_type=product&#038;p=2650"},"modified":"2026-02-20T14:04:54","modified_gmt":"2026-02-20T13:04:54","slug":"stickers-diverse-sort-6211","status":"publish","type":"product","link":"https:\/\/tones-syslerier.no\/index.php\/produkt\/stickers-diverse-sort-6211\/","title":{"rendered":"Stickers Diverse Sort 6211"},"content":{"rendered":"<p>Tekster p\u00e5 matt 200g kartong, selvklebende p\u00e5 brett. Syrefritt. Gratulerer, baby, d\u00e5p, bryllup, konfirmant, medf\u00f8lelse, venn, klem, lykke, klem<\/p>\n<p>St\u00f8rrelse: 140x240mm<\/p>\n<p>&nbsp;<\/p>\n<p><img loading=\"lazy\" decoding=\"async\" class=\"alignnone size-medium wp-image-2651\" src=\"https:\/\/tones-syslerier.no\/wp-content\/uploads\/2024\/04\/st1014-jpg-300x300.webp\" alt=\"\" width=\"300\" height=\"300\" srcset=\"https:\/\/tones-syslerier.no\/wp-content\/uploads\/2024\/04\/st1014-jpg-300x300.webp 300w, https:\/\/tones-syslerier.no\/wp-content\/uploads\/2024\/04\/st1014-jpg-150x150.webp 150w, https:\/\/tones-syslerier.no\/wp-content\/uploads\/2024\/04\/st1014-jpg-768x768.webp 768w, https:\/\/tones-syslerier.no\/wp-content\/uploads\/2024\/04\/st1014-jpg-324x324.webp 324w, https:\/\/tones-syslerier.no\/wp-content\/uploads\/2024\/04\/st1014-jpg-416x416.webp 416w, https:\/\/tones-syslerier.no\/wp-content\/uploads\/2024\/04\/st1014-jpg-100x100.webp 100w, https:\/\/tones-syslerier.no\/wp-content\/uploads\/2024\/04\/st1014-jpg.webp 1000w\" sizes=\"auto, (max-width: 300px) 100vw, 300px\" \/><\/p>\n","protected":false},"excerpt":{"rendered":"<p>Tekster p\u00e5 matt 200g kartong, selvklebende p\u00e5 brett. Syrefritt. Gratulerer, baby, d\u00e5p, bryllup, konfirmant, medf\u00f8lelse, venn, klem, lykke, klem St\u00f8rrelse: 140x240mm &nbsp;<\/p>\n","protected":false},"featured_media":2651,"comment_status":"open","ping_status":"closed","template":"","meta":[],"product_brand":[],"product_cat":[195,35],"product_tag":[],"class_list":{"0":"post-2650","1":"product","2":"type-product","3":"status-publish","4":"has-post-thumbnail","6":"product_cat-stickers-flere-typer","7":"product_cat-stickers","9":"first","10":"outofstock","11":"taxable","12":"shipping-taxable","13":"purchasable","14":"product-type-simple"},"_links":{"self":[{"href":"https:\/\/tones-syslerier.no\/index.php\/wp-json\/wp\/v2\/product\/2650","targetHints":{"allow":["GET"]}}],"collection":[{"href":"https:\/\/tones-syslerier.no\/index.php\/wp-json\/wp\/v2\/product"}],"about":[{"href":"https:\/\/tones-syslerier.no\/index.php\/wp-json\/wp\/v2\/types\/product"}],"replies":[{"embeddable":true,"href":"https:\/\/tones-syslerier.no\/index.php\/wp-json\/wp\/v2\/comments?post=2650"}],"wp:featuredmedia":[{"embeddable":true,"href":"https:\/\/tones-syslerier.no\/index.php\/wp-json\/wp\/v2\/media\/2651"}],"wp:attachment":[{"href":"https:\/\/tones-syslerier.no\/index.php\/wp-json\/wp\/v2\/media?parent=2650"}],"wp:term":[{"taxonomy":"product_brand","embeddable":true,"href":"https:\/\/tones-syslerier.no\/index.php\/wp-json\/wp\/v2\/product_brand?post=2650"},{"taxonomy":"product_cat","embeddable":true,"href":"https:\/\/tones-syslerier.no\/index.php\/wp-json\/wp\/v2\/product_cat?post=2650"},{"taxonomy":"product_tag","embeddable":true,"href":"https:\/\/tones-syslerier.no\/index.php\/wp-json\/wp\/v2\/product_tag?post=2650"}],"curies":[{"name":"wp","href":"https:\/\/api.w.org\/{rel}","templated":true}]}}