{"id":2648,"date":"2024-04-17T19:59:49","date_gmt":"2024-04-17T17:59:49","guid":{"rendered":"https:\/\/tones-syslerier.no\/?post_type=product&#038;p=2648"},"modified":"2026-02-21T23:00:34","modified_gmt":"2026-02-21T22:00:34","slug":"stickers-konfirmant-6242","status":"publish","type":"product","link":"https:\/\/tones-syslerier.no\/index.php\/produkt\/stickers-konfirmant-6242\/","title":{"rendered":"Stickers Konfirmant 6242"},"content":{"rendered":"<p>Tekster p\u00e5 matt 200g kartong, selvklebende p\u00e5 brett. Syrefritt. Konfirmant, konfirmanten, fremtiden, gratulerer, fantastisk, flott, dr\u00f8mmer, gull, fortjener, klem<\/p>\n<p>St\u00f8rrelse: 140x240mm<\/p>\n<p>&nbsp;<\/p>\n<p><img loading=\"lazy\" decoding=\"async\" class=\"alignnone size-medium wp-image-2649\" src=\"https:\/\/tones-syslerier.no\/wp-content\/uploads\/2024\/04\/st1017-jpg-300x300.webp\" alt=\"\" width=\"300\" height=\"300\" srcset=\"https:\/\/tones-syslerier.no\/wp-content\/uploads\/2024\/04\/st1017-jpg-300x300.webp 300w, https:\/\/tones-syslerier.no\/wp-content\/uploads\/2024\/04\/st1017-jpg-150x150.webp 150w, https:\/\/tones-syslerier.no\/wp-content\/uploads\/2024\/04\/st1017-jpg-768x768.webp 768w, https:\/\/tones-syslerier.no\/wp-content\/uploads\/2024\/04\/st1017-jpg-324x324.webp 324w, https:\/\/tones-syslerier.no\/wp-content\/uploads\/2024\/04\/st1017-jpg-416x416.webp 416w, https:\/\/tones-syslerier.no\/wp-content\/uploads\/2024\/04\/st1017-jpg-100x100.webp 100w, https:\/\/tones-syslerier.no\/wp-content\/uploads\/2024\/04\/st1017-jpg.webp 1000w\" sizes=\"auto, (max-width: 300px) 100vw, 300px\" \/><\/p>\n","protected":false},"excerpt":{"rendered":"<p>Tekster p\u00e5 matt 200g kartong, selvklebende p\u00e5 brett. Syrefritt. Konfirmant, konfirmanten, fremtiden, gratulerer, fantastisk, flott, dr\u00f8mmer, gull, fortjener, klem St\u00f8rrelse: 140x240mm &nbsp;<\/p>\n","protected":false},"featured_media":2649,"comment_status":"open","ping_status":"closed","template":"","meta":[],"product_brand":[],"product_cat":[35],"product_tag":[],"class_list":{"0":"post-2648","1":"product","2":"type-product","3":"status-publish","4":"has-post-thumbnail","6":"product_cat-stickers","8":"first","9":"outofstock","10":"taxable","11":"shipping-taxable","12":"purchasable","13":"product-type-simple"},"_links":{"self":[{"href":"https:\/\/tones-syslerier.no\/index.php\/wp-json\/wp\/v2\/product\/2648","targetHints":{"allow":["GET"]}}],"collection":[{"href":"https:\/\/tones-syslerier.no\/index.php\/wp-json\/wp\/v2\/product"}],"about":[{"href":"https:\/\/tones-syslerier.no\/index.php\/wp-json\/wp\/v2\/types\/product"}],"replies":[{"embeddable":true,"href":"https:\/\/tones-syslerier.no\/index.php\/wp-json\/wp\/v2\/comments?post=2648"}],"wp:featuredmedia":[{"embeddable":true,"href":"https:\/\/tones-syslerier.no\/index.php\/wp-json\/wp\/v2\/media\/2649"}],"wp:attachment":[{"href":"https:\/\/tones-syslerier.no\/index.php\/wp-json\/wp\/v2\/media?parent=2648"}],"wp:term":[{"taxonomy":"product_brand","embeddable":true,"href":"https:\/\/tones-syslerier.no\/index.php\/wp-json\/wp\/v2\/product_brand?post=2648"},{"taxonomy":"product_cat","embeddable":true,"href":"https:\/\/tones-syslerier.no\/index.php\/wp-json\/wp\/v2\/product_cat?post=2648"},{"taxonomy":"product_tag","embeddable":true,"href":"https:\/\/tones-syslerier.no\/index.php\/wp-json\/wp\/v2\/product_tag?post=2648"}],"curies":[{"name":"wp","href":"https:\/\/api.w.org\/{rel}","templated":true}]}}