{"id":2355,"date":"2024-03-11T09:54:41","date_gmt":"2024-03-11T08:54:41","guid":{"rendered":"https:\/\/tones-syslerier.no\/?post_type=product&#038;p=2355"},"modified":"2026-02-20T14:04:54","modified_gmt":"2026-02-20T13:04:54","slug":"3d-limputer-5x5x2mm","status":"publish","type":"product","link":"https:\/\/tones-syslerier.no\/index.php\/produkt\/3d-limputer-5x5x2mm\/","title":{"rendered":"3D limputer 5x5x2mm"},"content":{"rendered":"<p>3D limputer: brukes til \u00e5 &laquo;&raquo;bygge opp&raquo;&raquo; deler p\u00e5 kort og scrappesider. 2mm h\u00f8ye<\/p>\n<p>St\u00f8rrelse: 5x5mm Antall p\u00e5 ett brett: 400 stk<\/p>\n<p><img loading=\"lazy\" decoding=\"async\" class=\"alignnone size-medium wp-image-2356\" src=\"https:\/\/tones-syslerier.no\/wp-content\/uploads\/2024\/03\/104524-300x300.webp\" alt=\"\" width=\"300\" height=\"300\" srcset=\"https:\/\/tones-syslerier.no\/wp-content\/uploads\/2024\/03\/104524-300x300.webp 300w, https:\/\/tones-syslerier.no\/wp-content\/uploads\/2024\/03\/104524-150x150.webp 150w, https:\/\/tones-syslerier.no\/wp-content\/uploads\/2024\/03\/104524-768x768.webp 768w, https:\/\/tones-syslerier.no\/wp-content\/uploads\/2024\/03\/104524-324x324.webp 324w, https:\/\/tones-syslerier.no\/wp-content\/uploads\/2024\/03\/104524-416x416.webp 416w, https:\/\/tones-syslerier.no\/wp-content\/uploads\/2024\/03\/104524-100x100.webp 100w, https:\/\/tones-syslerier.no\/wp-content\/uploads\/2024\/03\/104524.webp 1000w\" sizes=\"auto, (max-width: 300px) 100vw, 300px\" \/><\/p>\n<p>&nbsp;<\/p>\n<p>&nbsp;<\/p>\n","protected":false},"excerpt":{"rendered":"<p>3D limputer: brukes til \u00e5 &laquo;&raquo;bygge opp&raquo;&raquo; deler p\u00e5 kort og scrappesider. 2mm h\u00f8ye St\u00f8rrelse: 5x5mm Antall p\u00e5 ett brett: 400 stk &nbsp; &nbsp;<\/p>\n","protected":false},"featured_media":2356,"comment_status":"open","ping_status":"closed","template":"","meta":[],"product_brand":[],"product_cat":[53,192],"product_tag":[],"class_list":{"0":"post-2355","1":"product","2":"type-product","3":"status-publish","4":"has-post-thumbnail","6":"product_cat-tape","7":"product_cat-lim-tape","9":"first","10":"instock","11":"taxable","12":"shipping-taxable","13":"purchasable","14":"product-type-simple"},"_links":{"self":[{"href":"https:\/\/tones-syslerier.no\/index.php\/wp-json\/wp\/v2\/product\/2355","targetHints":{"allow":["GET"]}}],"collection":[{"href":"https:\/\/tones-syslerier.no\/index.php\/wp-json\/wp\/v2\/product"}],"about":[{"href":"https:\/\/tones-syslerier.no\/index.php\/wp-json\/wp\/v2\/types\/product"}],"replies":[{"embeddable":true,"href":"https:\/\/tones-syslerier.no\/index.php\/wp-json\/wp\/v2\/comments?post=2355"}],"wp:featuredmedia":[{"embeddable":true,"href":"https:\/\/tones-syslerier.no\/index.php\/wp-json\/wp\/v2\/media\/2356"}],"wp:attachment":[{"href":"https:\/\/tones-syslerier.no\/index.php\/wp-json\/wp\/v2\/media?parent=2355"}],"wp:term":[{"taxonomy":"product_brand","embeddable":true,"href":"https:\/\/tones-syslerier.no\/index.php\/wp-json\/wp\/v2\/product_brand?post=2355"},{"taxonomy":"product_cat","embeddable":true,"href":"https:\/\/tones-syslerier.no\/index.php\/wp-json\/wp\/v2\/product_cat?post=2355"},{"taxonomy":"product_tag","embeddable":true,"href":"https:\/\/tones-syslerier.no\/index.php\/wp-json\/wp\/v2\/product_tag?post=2355"}],"curies":[{"name":"wp","href":"https:\/\/api.w.org\/{rel}","templated":true}]}}