{"id":2155,"date":"2024-02-09T18:23:21","date_gmt":"2024-02-09T17:23:21","guid":{"rendered":"https:\/\/tones-syslerier.no\/?post_type=product&#038;p=2155"},"modified":"2025-11-02T11:32:17","modified_gmt":"2025-11-02T10:32:17","slug":"ecoline-brush-pen-blender","status":"publish","type":"product","link":"https:\/\/tones-syslerier.no\/index.php\/produkt\/ecoline-brush-pen-blender\/","title":{"rendered":"Ecoline \u2022 Brush Pen Blender"},"content":{"rendered":"<p>Ved \u00e5 bruke den spesielle Brush Pen-blenderen kan farger blandes eller dempes, og noen fantastiske vaskeeffekter og fargeoverganger kan skapes.<\/p>\n<p>Produktkode 11509020<br \/>\nStrekkode 8712079391348<br \/>\nEmballasjem\u00e5l (LxBxH) 6 x 17 x 1,6 cm<br \/>\nProduktm\u00e5l (LxBxH) 1,5 x 14,2 x 1,5 cm<br \/>\nMerke Ecoline<br \/>\nProdukttype B\u00f8rstepenner<\/p>\n<p>&nbsp;<\/p>\n<p><img loading=\"lazy\" decoding=\"async\" class=\"alignnone size-medium wp-image-2156\" src=\"https:\/\/tones-syslerier.no\/wp-content\/uploads\/2024\/02\/11509020_01_f6dc-1-300x300.webp\" alt=\"\" width=\"300\" height=\"300\" srcset=\"https:\/\/tones-syslerier.no\/wp-content\/uploads\/2024\/02\/11509020_01_f6dc-1-300x300.webp 300w, https:\/\/tones-syslerier.no\/wp-content\/uploads\/2024\/02\/11509020_01_f6dc-1-1024x1024.webp 1024w, https:\/\/tones-syslerier.no\/wp-content\/uploads\/2024\/02\/11509020_01_f6dc-1-150x150.webp 150w, https:\/\/tones-syslerier.no\/wp-content\/uploads\/2024\/02\/11509020_01_f6dc-1-768x768.webp 768w, https:\/\/tones-syslerier.no\/wp-content\/uploads\/2024\/02\/11509020_01_f6dc-1-1536x1536.webp 1536w, https:\/\/tones-syslerier.no\/wp-content\/uploads\/2024\/02\/11509020_01_f6dc-1-1320x1320.webp 1320w, https:\/\/tones-syslerier.no\/wp-content\/uploads\/2024\/02\/11509020_01_f6dc-1-324x324.webp 324w, https:\/\/tones-syslerier.no\/wp-content\/uploads\/2024\/02\/11509020_01_f6dc-1-416x416.webp 416w, https:\/\/tones-syslerier.no\/wp-content\/uploads\/2024\/02\/11509020_01_f6dc-1-100x100.webp 100w, https:\/\/tones-syslerier.no\/wp-content\/uploads\/2024\/02\/11509020_01_f6dc-1.webp 1600w\" sizes=\"auto, (max-width: 300px) 100vw, 300px\" \/><\/p>\n","protected":false},"excerpt":{"rendered":"<p>Ved \u00e5 bruke den spesielle Brush Pen-blenderen kan farger blandes eller dempes, og noen fantastiske vaskeeffekter og fargeoverganger kan skapes. Produktkode 11509020 Strekkode 8712079391348 Emballasjem\u00e5l (LxBxH) 6 x 17 x 1,6 cm Produktm\u00e5l (LxBxH) 1,5 x 14,2 x 1,5 cm Merke Ecoline Produkttype B\u00f8rstepenner &nbsp;<\/p>\n","protected":false},"featured_media":2156,"comment_status":"open","ping_status":"closed","template":"","meta":[],"product_brand":[],"product_cat":[140],"product_tag":[],"class_list":{"0":"post-2155","1":"product","2":"type-product","3":"status-publish","4":"has-post-thumbnail","6":"product_cat-ecoline-brush-pen","8":"first","9":"instock","10":"taxable","11":"shipping-taxable","12":"purchasable","13":"product-type-simple"},"_links":{"self":[{"href":"https:\/\/tones-syslerier.no\/index.php\/wp-json\/wp\/v2\/product\/2155","targetHints":{"allow":["GET"]}}],"collection":[{"href":"https:\/\/tones-syslerier.no\/index.php\/wp-json\/wp\/v2\/product"}],"about":[{"href":"https:\/\/tones-syslerier.no\/index.php\/wp-json\/wp\/v2\/types\/product"}],"replies":[{"embeddable":true,"href":"https:\/\/tones-syslerier.no\/index.php\/wp-json\/wp\/v2\/comments?post=2155"}],"wp:featuredmedia":[{"embeddable":true,"href":"https:\/\/tones-syslerier.no\/index.php\/wp-json\/wp\/v2\/media\/2156"}],"wp:attachment":[{"href":"https:\/\/tones-syslerier.no\/index.php\/wp-json\/wp\/v2\/media?parent=2155"}],"wp:term":[{"taxonomy":"product_brand","embeddable":true,"href":"https:\/\/tones-syslerier.no\/index.php\/wp-json\/wp\/v2\/product_brand?post=2155"},{"taxonomy":"product_cat","embeddable":true,"href":"https:\/\/tones-syslerier.no\/index.php\/wp-json\/wp\/v2\/product_cat?post=2155"},{"taxonomy":"product_tag","embeddable":true,"href":"https:\/\/tones-syslerier.no\/index.php\/wp-json\/wp\/v2\/product_tag?post=2155"}],"curies":[{"name":"wp","href":"https:\/\/api.w.org\/{rel}","templated":true}]}}