{"id":1817,"date":"2023-12-22T11:06:57","date_gmt":"2023-12-22T10:06:57","guid":{"rendered":"https:\/\/tones-syslerier.no\/?post_type=product&#038;p=1817"},"modified":"2025-05-27T12:32:42","modified_gmt":"2025-05-27T10:32:42","slug":"scrapbooking-small-pad-10-sheets-cm-203x203","status":"publish","type":"product","link":"https:\/\/tones-syslerier.no\/index.php\/produkt\/scrapbooking-small-pad-10-sheets-cm-203x203\/","title":{"rendered":"Scrapbooking Small Pad 10 sheets cm 20,3X20,3"},"content":{"rendered":"<h4 class=\"product-name\">Scrapbooking Small Pad 10 sheets cm 20,3X20,3 (8&#8243;X8&#8243;) &#8211; Sir Vagabond<\/h4>\n<p>Disse Scrapbooking-papirblokkene er ideelle for \u00e5 lage temaprosjekter, ved \u00e5 bruke Stamperias egne eksklusive stilige design, bli kreativ med livshistorien din. Feir en spesiell anledning eller begivenhet i livet ditt med kj\u00e6re bilder. Finn et stort utvalg av scrapbooking-rekvisita og alt du trenger, inkludert utklippsb\u00f8ker, verkt\u00f8y og ditt utvalg av vakre papirer.<\/p>\n<p>&nbsp;<\/p>\n<p><img loading=\"lazy\" decoding=\"async\" class=\"alignnone size-medium wp-image-1816\" src=\"https:\/\/tones-syslerier.no\/wp-content\/uploads\/2023\/12\/SBBS25_1-300x300.jpg\" alt=\"\" width=\"300\" height=\"300\" srcset=\"https:\/\/tones-syslerier.no\/wp-content\/uploads\/2023\/12\/SBBS25_1-300x300.jpg 300w, https:\/\/tones-syslerier.no\/wp-content\/uploads\/2023\/12\/SBBS25_1-150x150.jpg 150w, https:\/\/tones-syslerier.no\/wp-content\/uploads\/2023\/12\/SBBS25_1-768x768.jpg 768w, https:\/\/tones-syslerier.no\/wp-content\/uploads\/2023\/12\/SBBS25_1-324x324.jpg 324w, https:\/\/tones-syslerier.no\/wp-content\/uploads\/2023\/12\/SBBS25_1-416x416.jpg 416w, https:\/\/tones-syslerier.no\/wp-content\/uploads\/2023\/12\/SBBS25_1-100x100.jpg 100w, https:\/\/tones-syslerier.no\/wp-content\/uploads\/2023\/12\/SBBS25_1.jpg 1000w\" sizes=\"auto, (max-width: 300px) 100vw, 300px\" \/><\/p>\n<p>&nbsp;<\/p>\n<p><img loading=\"lazy\" decoding=\"async\" class=\"alignnone size-medium wp-image-1818\" src=\"https:\/\/tones-syslerier.no\/wp-content\/uploads\/2023\/12\/full_SBBS25_10-300x300.jpg\" alt=\"\" width=\"300\" height=\"300\" srcset=\"https:\/\/tones-syslerier.no\/wp-content\/uploads\/2023\/12\/full_SBBS25_10-300x300.jpg 300w, https:\/\/tones-syslerier.no\/wp-content\/uploads\/2023\/12\/full_SBBS25_10-150x150.jpg 150w, https:\/\/tones-syslerier.no\/wp-content\/uploads\/2023\/12\/full_SBBS25_10-768x768.jpg 768w, https:\/\/tones-syslerier.no\/wp-content\/uploads\/2023\/12\/full_SBBS25_10-324x324.jpg 324w, https:\/\/tones-syslerier.no\/wp-content\/uploads\/2023\/12\/full_SBBS25_10-416x416.jpg 416w, https:\/\/tones-syslerier.no\/wp-content\/uploads\/2023\/12\/full_SBBS25_10-100x100.jpg 100w, https:\/\/tones-syslerier.no\/wp-content\/uploads\/2023\/12\/full_SBBS25_10.jpg 1000w\" sizes=\"auto, (max-width: 300px) 100vw, 300px\" \/><\/p>\n<p>&nbsp;<\/p>\n<p><img loading=\"lazy\" decoding=\"async\" class=\"alignnone size-medium wp-image-1819\" src=\"https:\/\/tones-syslerier.no\/wp-content\/uploads\/2023\/12\/full_SBBS25_10B-300x300.jpg\" alt=\"\" width=\"300\" height=\"300\" srcset=\"https:\/\/tones-syslerier.no\/wp-content\/uploads\/2023\/12\/full_SBBS25_10B-300x300.jpg 300w, https:\/\/tones-syslerier.no\/wp-content\/uploads\/2023\/12\/full_SBBS25_10B-150x150.jpg 150w, https:\/\/tones-syslerier.no\/wp-content\/uploads\/2023\/12\/full_SBBS25_10B-768x768.jpg 768w, https:\/\/tones-syslerier.no\/wp-content\/uploads\/2023\/12\/full_SBBS25_10B-324x324.jpg 324w, https:\/\/tones-syslerier.no\/wp-content\/uploads\/2023\/12\/full_SBBS25_10B-416x416.jpg 416w, https:\/\/tones-syslerier.no\/wp-content\/uploads\/2023\/12\/full_SBBS25_10B-100x100.jpg 100w, https:\/\/tones-syslerier.no\/wp-content\/uploads\/2023\/12\/full_SBBS25_10B.jpg 1000w\" sizes=\"auto, (max-width: 300px) 100vw, 300px\" \/><\/p>\n<p>&nbsp;<\/p>\n<p><img loading=\"lazy\" decoding=\"async\" class=\"alignnone size-medium wp-image-1820\" src=\"https:\/\/tones-syslerier.no\/wp-content\/uploads\/2023\/12\/full_SBBS25_1A-300x300.jpg\" alt=\"\" width=\"300\" height=\"300\" srcset=\"https:\/\/tones-syslerier.no\/wp-content\/uploads\/2023\/12\/full_SBBS25_1A-300x300.jpg 300w, https:\/\/tones-syslerier.no\/wp-content\/uploads\/2023\/12\/full_SBBS25_1A-150x150.jpg 150w, https:\/\/tones-syslerier.no\/wp-content\/uploads\/2023\/12\/full_SBBS25_1A-768x768.jpg 768w, https:\/\/tones-syslerier.no\/wp-content\/uploads\/2023\/12\/full_SBBS25_1A-324x324.jpg 324w, https:\/\/tones-syslerier.no\/wp-content\/uploads\/2023\/12\/full_SBBS25_1A-416x416.jpg 416w, https:\/\/tones-syslerier.no\/wp-content\/uploads\/2023\/12\/full_SBBS25_1A-100x100.jpg 100w, https:\/\/tones-syslerier.no\/wp-content\/uploads\/2023\/12\/full_SBBS25_1A.jpg 1000w\" sizes=\"auto, (max-width: 300px) 100vw, 300px\" \/><\/p>\n<p>&nbsp;<\/p>\n<p><img loading=\"lazy\" decoding=\"async\" class=\"alignnone size-medium wp-image-1821\" src=\"https:\/\/tones-syslerier.no\/wp-content\/uploads\/2023\/12\/full_SBBS25_2-300x300.jpg\" alt=\"\" width=\"300\" height=\"300\" srcset=\"https:\/\/tones-syslerier.no\/wp-content\/uploads\/2023\/12\/full_SBBS25_2-300x300.jpg 300w, https:\/\/tones-syslerier.no\/wp-content\/uploads\/2023\/12\/full_SBBS25_2-150x150.jpg 150w, https:\/\/tones-syslerier.no\/wp-content\/uploads\/2023\/12\/full_SBBS25_2-768x768.jpg 768w, https:\/\/tones-syslerier.no\/wp-content\/uploads\/2023\/12\/full_SBBS25_2-324x324.jpg 324w, https:\/\/tones-syslerier.no\/wp-content\/uploads\/2023\/12\/full_SBBS25_2-416x416.jpg 416w, https:\/\/tones-syslerier.no\/wp-content\/uploads\/2023\/12\/full_SBBS25_2-100x100.jpg 100w, https:\/\/tones-syslerier.no\/wp-content\/uploads\/2023\/12\/full_SBBS25_2.jpg 1000w\" sizes=\"auto, (max-width: 300px) 100vw, 300px\" \/><\/p>\n<p>&nbsp;<\/p>\n<p><img loading=\"lazy\" decoding=\"async\" class=\"alignnone size-medium wp-image-1822\" src=\"https:\/\/tones-syslerier.no\/wp-content\/uploads\/2023\/12\/full_SBBS25_2B-300x300.jpg\" alt=\"\" width=\"300\" height=\"300\" srcset=\"https:\/\/tones-syslerier.no\/wp-content\/uploads\/2023\/12\/full_SBBS25_2B-300x300.jpg 300w, https:\/\/tones-syslerier.no\/wp-content\/uploads\/2023\/12\/full_SBBS25_2B-150x150.jpg 150w, https:\/\/tones-syslerier.no\/wp-content\/uploads\/2023\/12\/full_SBBS25_2B-768x768.jpg 768w, https:\/\/tones-syslerier.no\/wp-content\/uploads\/2023\/12\/full_SBBS25_2B-324x324.jpg 324w, https:\/\/tones-syslerier.no\/wp-content\/uploads\/2023\/12\/full_SBBS25_2B-416x416.jpg 416w, https:\/\/tones-syslerier.no\/wp-content\/uploads\/2023\/12\/full_SBBS25_2B-100x100.jpg 100w, https:\/\/tones-syslerier.no\/wp-content\/uploads\/2023\/12\/full_SBBS25_2B.jpg 1000w\" sizes=\"auto, (max-width: 300px) 100vw, 300px\" \/><\/p>\n<p>&nbsp;<\/p>\n<p><img loading=\"lazy\" decoding=\"async\" class=\"alignnone size-medium wp-image-1823\" src=\"https:\/\/tones-syslerier.no\/wp-content\/uploads\/2023\/12\/full_SBBS25_5B-300x300.jpg\" alt=\"\" width=\"300\" height=\"300\" srcset=\"https:\/\/tones-syslerier.no\/wp-content\/uploads\/2023\/12\/full_SBBS25_5B-300x300.jpg 300w, https:\/\/tones-syslerier.no\/wp-content\/uploads\/2023\/12\/full_SBBS25_5B-150x150.jpg 150w, https:\/\/tones-syslerier.no\/wp-content\/uploads\/2023\/12\/full_SBBS25_5B-768x768.jpg 768w, https:\/\/tones-syslerier.no\/wp-content\/uploads\/2023\/12\/full_SBBS25_5B-324x324.jpg 324w, https:\/\/tones-syslerier.no\/wp-content\/uploads\/2023\/12\/full_SBBS25_5B-416x416.jpg 416w, https:\/\/tones-syslerier.no\/wp-content\/uploads\/2023\/12\/full_SBBS25_5B-100x100.jpg 100w, https:\/\/tones-syslerier.no\/wp-content\/uploads\/2023\/12\/full_SBBS25_5B.jpg 1000w\" sizes=\"auto, (max-width: 300px) 100vw, 300px\" \/><\/p>\n<p>&nbsp;<\/p>\n<p><img loading=\"lazy\" decoding=\"async\" class=\"alignnone size-medium wp-image-1824\" src=\"https:\/\/tones-syslerier.no\/wp-content\/uploads\/2023\/12\/full_SBBS25_6-300x300.jpg\" alt=\"\" width=\"300\" height=\"300\" srcset=\"https:\/\/tones-syslerier.no\/wp-content\/uploads\/2023\/12\/full_SBBS25_6-300x300.jpg 300w, https:\/\/tones-syslerier.no\/wp-content\/uploads\/2023\/12\/full_SBBS25_6-150x150.jpg 150w, https:\/\/tones-syslerier.no\/wp-content\/uploads\/2023\/12\/full_SBBS25_6-768x768.jpg 768w, https:\/\/tones-syslerier.no\/wp-content\/uploads\/2023\/12\/full_SBBS25_6-324x324.jpg 324w, https:\/\/tones-syslerier.no\/wp-content\/uploads\/2023\/12\/full_SBBS25_6-416x416.jpg 416w, https:\/\/tones-syslerier.no\/wp-content\/uploads\/2023\/12\/full_SBBS25_6-100x100.jpg 100w, https:\/\/tones-syslerier.no\/wp-content\/uploads\/2023\/12\/full_SBBS25_6.jpg 1000w\" sizes=\"auto, (max-width: 300px) 100vw, 300px\" \/><\/p>\n<p>&nbsp;<\/p>\n<p><img loading=\"lazy\" decoding=\"async\" class=\"alignnone size-medium wp-image-1825\" src=\"https:\/\/tones-syslerier.no\/wp-content\/uploads\/2023\/12\/full_SBBS25_6B-300x300.jpg\" alt=\"\" width=\"300\" height=\"300\" srcset=\"https:\/\/tones-syslerier.no\/wp-content\/uploads\/2023\/12\/full_SBBS25_6B-300x300.jpg 300w, https:\/\/tones-syslerier.no\/wp-content\/uploads\/2023\/12\/full_SBBS25_6B-150x150.jpg 150w, https:\/\/tones-syslerier.no\/wp-content\/uploads\/2023\/12\/full_SBBS25_6B-768x768.jpg 768w, https:\/\/tones-syslerier.no\/wp-content\/uploads\/2023\/12\/full_SBBS25_6B-324x324.jpg 324w, https:\/\/tones-syslerier.no\/wp-content\/uploads\/2023\/12\/full_SBBS25_6B-416x416.jpg 416w, https:\/\/tones-syslerier.no\/wp-content\/uploads\/2023\/12\/full_SBBS25_6B-100x100.jpg 100w, https:\/\/tones-syslerier.no\/wp-content\/uploads\/2023\/12\/full_SBBS25_6B.jpg 1000w\" sizes=\"auto, (max-width: 300px) 100vw, 300px\" \/><\/p>\n<p>&nbsp;<\/p>\n<p><img loading=\"lazy\" decoding=\"async\" class=\"alignnone size-medium wp-image-1826\" src=\"https:\/\/tones-syslerier.no\/wp-content\/uploads\/2023\/12\/full_SBBS25_7-300x300.jpg\" alt=\"\" width=\"300\" height=\"300\" srcset=\"https:\/\/tones-syslerier.no\/wp-content\/uploads\/2023\/12\/full_SBBS25_7-300x300.jpg 300w, https:\/\/tones-syslerier.no\/wp-content\/uploads\/2023\/12\/full_SBBS25_7-150x150.jpg 150w, https:\/\/tones-syslerier.no\/wp-content\/uploads\/2023\/12\/full_SBBS25_7-768x768.jpg 768w, https:\/\/tones-syslerier.no\/wp-content\/uploads\/2023\/12\/full_SBBS25_7-324x324.jpg 324w, https:\/\/tones-syslerier.no\/wp-content\/uploads\/2023\/12\/full_SBBS25_7-416x416.jpg 416w, https:\/\/tones-syslerier.no\/wp-content\/uploads\/2023\/12\/full_SBBS25_7-100x100.jpg 100w, https:\/\/tones-syslerier.no\/wp-content\/uploads\/2023\/12\/full_SBBS25_7.jpg 1000w\" sizes=\"auto, (max-width: 300px) 100vw, 300px\" \/><\/p>\n<p>&nbsp;<\/p>\n<p><img loading=\"lazy\" decoding=\"async\" class=\"alignnone size-medium wp-image-1827\" src=\"https:\/\/tones-syslerier.no\/wp-content\/uploads\/2023\/12\/full_SBBS25_7B-300x300.jpg\" alt=\"\" width=\"300\" height=\"300\" srcset=\"https:\/\/tones-syslerier.no\/wp-content\/uploads\/2023\/12\/full_SBBS25_7B-300x300.jpg 300w, https:\/\/tones-syslerier.no\/wp-content\/uploads\/2023\/12\/full_SBBS25_7B-150x150.jpg 150w, https:\/\/tones-syslerier.no\/wp-content\/uploads\/2023\/12\/full_SBBS25_7B-768x768.jpg 768w, https:\/\/tones-syslerier.no\/wp-content\/uploads\/2023\/12\/full_SBBS25_7B-324x324.jpg 324w, https:\/\/tones-syslerier.no\/wp-content\/uploads\/2023\/12\/full_SBBS25_7B-416x416.jpg 416w, https:\/\/tones-syslerier.no\/wp-content\/uploads\/2023\/12\/full_SBBS25_7B-100x100.jpg 100w, https:\/\/tones-syslerier.no\/wp-content\/uploads\/2023\/12\/full_SBBS25_7B.jpg 1000w\" sizes=\"auto, (max-width: 300px) 100vw, 300px\" \/><\/p>\n<p>&nbsp;<\/p>\n<p><img loading=\"lazy\" decoding=\"async\" class=\"alignnone size-medium wp-image-1828\" src=\"https:\/\/tones-syslerier.no\/wp-content\/uploads\/2023\/12\/full_SBBS25_8-300x300.jpg\" alt=\"\" width=\"300\" height=\"300\" srcset=\"https:\/\/tones-syslerier.no\/wp-content\/uploads\/2023\/12\/full_SBBS25_8-300x300.jpg 300w, https:\/\/tones-syslerier.no\/wp-content\/uploads\/2023\/12\/full_SBBS25_8-150x150.jpg 150w, https:\/\/tones-syslerier.no\/wp-content\/uploads\/2023\/12\/full_SBBS25_8-768x768.jpg 768w, https:\/\/tones-syslerier.no\/wp-content\/uploads\/2023\/12\/full_SBBS25_8-324x324.jpg 324w, https:\/\/tones-syslerier.no\/wp-content\/uploads\/2023\/12\/full_SBBS25_8-416x416.jpg 416w, https:\/\/tones-syslerier.no\/wp-content\/uploads\/2023\/12\/full_SBBS25_8-100x100.jpg 100w, https:\/\/tones-syslerier.no\/wp-content\/uploads\/2023\/12\/full_SBBS25_8.jpg 1000w\" sizes=\"auto, (max-width: 300px) 100vw, 300px\" \/><\/p>\n<p>&nbsp;<\/p>\n<p><img loading=\"lazy\" decoding=\"async\" class=\"alignnone size-medium wp-image-1829\" src=\"https:\/\/tones-syslerier.no\/wp-content\/uploads\/2023\/12\/full_SBBS25_8B-300x300.jpg\" alt=\"\" width=\"300\" height=\"300\" srcset=\"https:\/\/tones-syslerier.no\/wp-content\/uploads\/2023\/12\/full_SBBS25_8B-300x300.jpg 300w, https:\/\/tones-syslerier.no\/wp-content\/uploads\/2023\/12\/full_SBBS25_8B-150x150.jpg 150w, https:\/\/tones-syslerier.no\/wp-content\/uploads\/2023\/12\/full_SBBS25_8B-768x768.jpg 768w, https:\/\/tones-syslerier.no\/wp-content\/uploads\/2023\/12\/full_SBBS25_8B-324x324.jpg 324w, https:\/\/tones-syslerier.no\/wp-content\/uploads\/2023\/12\/full_SBBS25_8B-416x416.jpg 416w, https:\/\/tones-syslerier.no\/wp-content\/uploads\/2023\/12\/full_SBBS25_8B-100x100.jpg 100w, https:\/\/tones-syslerier.no\/wp-content\/uploads\/2023\/12\/full_SBBS25_8B.jpg 1000w\" sizes=\"auto, (max-width: 300px) 100vw, 300px\" \/><\/p>\n<p>&nbsp;<\/p>\n<p><img loading=\"lazy\" decoding=\"async\" class=\"alignnone size-medium wp-image-1830\" src=\"https:\/\/tones-syslerier.no\/wp-content\/uploads\/2023\/12\/full_SBBS25_9-300x300.jpg\" alt=\"\" width=\"300\" height=\"300\" srcset=\"https:\/\/tones-syslerier.no\/wp-content\/uploads\/2023\/12\/full_SBBS25_9-300x300.jpg 300w, https:\/\/tones-syslerier.no\/wp-content\/uploads\/2023\/12\/full_SBBS25_9-150x150.jpg 150w, https:\/\/tones-syslerier.no\/wp-content\/uploads\/2023\/12\/full_SBBS25_9-768x768.jpg 768w, https:\/\/tones-syslerier.no\/wp-content\/uploads\/2023\/12\/full_SBBS25_9-324x324.jpg 324w, https:\/\/tones-syslerier.no\/wp-content\/uploads\/2023\/12\/full_SBBS25_9-416x416.jpg 416w, https:\/\/tones-syslerier.no\/wp-content\/uploads\/2023\/12\/full_SBBS25_9-100x100.jpg 100w, https:\/\/tones-syslerier.no\/wp-content\/uploads\/2023\/12\/full_SBBS25_9.jpg 1000w\" sizes=\"auto, (max-width: 300px) 100vw, 300px\" \/><\/p>\n","protected":false},"excerpt":{"rendered":"<p>Scrapbooking Small Pad 10 sheets cm 20,3X20,3 (8&#8243;X8&#8243;) &#8211; Sir Vagabond Disse Scrapbooking-papirblokkene er ideelle for \u00e5 lage temaprosjekter, ved \u00e5 bruke Stamperias egne eksklusive stilige design, bli kreativ med livshistorien din. Feir en spesiell anledning eller begivenhet i livet ditt med kj\u00e6re bilder. Finn et stort utvalg av scrapbooking-rekvisita og alt du trenger, inkludert [&hellip;]<\/p>\n","protected":false},"featured_media":1816,"comment_status":"open","ping_status":"closed","template":"","meta":[],"product_brand":[],"product_cat":[181,70],"product_tag":[],"class_list":{"0":"post-1817","1":"product","2":"type-product","3":"status-publish","4":"has-post-thumbnail","6":"product_cat-papirprodukter","7":"product_cat-papir-produkter-stamperia-produkter","9":"first","10":"instock","11":"taxable","12":"shipping-taxable","13":"purchasable","14":"product-type-simple"},"_links":{"self":[{"href":"https:\/\/tones-syslerier.no\/index.php\/wp-json\/wp\/v2\/product\/1817","targetHints":{"allow":["GET"]}}],"collection":[{"href":"https:\/\/tones-syslerier.no\/index.php\/wp-json\/wp\/v2\/product"}],"about":[{"href":"https:\/\/tones-syslerier.no\/index.php\/wp-json\/wp\/v2\/types\/product"}],"replies":[{"embeddable":true,"href":"https:\/\/tones-syslerier.no\/index.php\/wp-json\/wp\/v2\/comments?post=1817"}],"wp:featuredmedia":[{"embeddable":true,"href":"https:\/\/tones-syslerier.no\/index.php\/wp-json\/wp\/v2\/media\/1816"}],"wp:attachment":[{"href":"https:\/\/tones-syslerier.no\/index.php\/wp-json\/wp\/v2\/media?parent=1817"}],"wp:term":[{"taxonomy":"product_brand","embeddable":true,"href":"https:\/\/tones-syslerier.no\/index.php\/wp-json\/wp\/v2\/product_brand?post=1817"},{"taxonomy":"product_cat","embeddable":true,"href":"https:\/\/tones-syslerier.no\/index.php\/wp-json\/wp\/v2\/product_cat?post=1817"},{"taxonomy":"product_tag","embeddable":true,"href":"https:\/\/tones-syslerier.no\/index.php\/wp-json\/wp\/v2\/product_tag?post=1817"}],"curies":[{"name":"wp","href":"https:\/\/api.w.org\/{rel}","templated":true}]}}