{"id":1694,"date":"2023-12-16T14:41:12","date_gmt":"2023-12-16T13:41:12","guid":{"rendered":"https:\/\/tones-syslerier.no\/?post_type=product&#038;p=1694"},"modified":"2025-12-20T19:01:33","modified_gmt":"2025-12-20T18:01:33","slug":"3d-limputer-5x5x3mm","status":"publish","type":"product","link":"https:\/\/tones-syslerier.no\/index.php\/produkt\/3d-limputer-5x5x3mm\/","title":{"rendered":"3D limputer 5x5x3mm"},"content":{"rendered":"<p>3D limputer: brukes til \u00e5 &laquo;&raquo;bygge opp&raquo;&raquo; deler p\u00e5 kort og scrappesider. 3mm h\u00f8ye<\/p>\n<p>St\u00f8rrelse: 5x5mm Antall p\u00e5 ett brett: 400 stk.<\/p>\n<p><img loading=\"lazy\" decoding=\"async\" class=\"alignnone size-medium wp-image-1695\" src=\"https:\/\/tones-syslerier.no\/wp-content\/uploads\/2023\/12\/101835.jpeg-3-d-3-mm-300x300.jpeg\" alt=\"\" width=\"300\" height=\"300\" srcset=\"https:\/\/tones-syslerier.no\/wp-content\/uploads\/2023\/12\/101835.jpeg-3-d-3-mm-300x300.jpeg 300w, https:\/\/tones-syslerier.no\/wp-content\/uploads\/2023\/12\/101835.jpeg-3-d-3-mm-150x150.jpeg 150w, https:\/\/tones-syslerier.no\/wp-content\/uploads\/2023\/12\/101835.jpeg-3-d-3-mm-324x324.jpeg 324w, https:\/\/tones-syslerier.no\/wp-content\/uploads\/2023\/12\/101835.jpeg-3-d-3-mm-100x100.jpeg 100w, https:\/\/tones-syslerier.no\/wp-content\/uploads\/2023\/12\/101835.jpeg-3-d-3-mm.jpeg 400w\" sizes=\"auto, (max-width: 300px) 100vw, 300px\" \/><\/p>\n<p>&nbsp;<\/p>\n<p>&nbsp;<\/p>\n","protected":false},"excerpt":{"rendered":"<p>3D limputer: brukes til \u00e5 &laquo;&raquo;bygge opp&raquo;&raquo; deler p\u00e5 kort og scrappesider. 3mm h\u00f8ye St\u00f8rrelse: 5x5mm Antall p\u00e5 ett brett: 400 stk. &nbsp; &nbsp;<\/p>\n","protected":false},"featured_media":1695,"comment_status":"open","ping_status":"closed","template":"","meta":[],"product_brand":[],"product_cat":[53,192],"product_tag":[],"class_list":{"0":"post-1694","1":"product","2":"type-product","3":"status-publish","4":"has-post-thumbnail","6":"product_cat-tape","7":"product_cat-lim-tape","9":"first","10":"instock","11":"taxable","12":"shipping-taxable","13":"purchasable","14":"product-type-simple"},"_links":{"self":[{"href":"https:\/\/tones-syslerier.no\/index.php\/wp-json\/wp\/v2\/product\/1694","targetHints":{"allow":["GET"]}}],"collection":[{"href":"https:\/\/tones-syslerier.no\/index.php\/wp-json\/wp\/v2\/product"}],"about":[{"href":"https:\/\/tones-syslerier.no\/index.php\/wp-json\/wp\/v2\/types\/product"}],"replies":[{"embeddable":true,"href":"https:\/\/tones-syslerier.no\/index.php\/wp-json\/wp\/v2\/comments?post=1694"}],"wp:featuredmedia":[{"embeddable":true,"href":"https:\/\/tones-syslerier.no\/index.php\/wp-json\/wp\/v2\/media\/1695"}],"wp:attachment":[{"href":"https:\/\/tones-syslerier.no\/index.php\/wp-json\/wp\/v2\/media?parent=1694"}],"wp:term":[{"taxonomy":"product_brand","embeddable":true,"href":"https:\/\/tones-syslerier.no\/index.php\/wp-json\/wp\/v2\/product_brand?post=1694"},{"taxonomy":"product_cat","embeddable":true,"href":"https:\/\/tones-syslerier.no\/index.php\/wp-json\/wp\/v2\/product_cat?post=1694"},{"taxonomy":"product_tag","embeddable":true,"href":"https:\/\/tones-syslerier.no\/index.php\/wp-json\/wp\/v2\/product_tag?post=1694"}],"curies":[{"name":"wp","href":"https:\/\/api.w.org\/{rel}","templated":true}]}}