{"id":1099,"date":"2023-11-26T11:57:24","date_gmt":"2023-11-26T10:57:24","guid":{"rendered":"https:\/\/tones-syslerier.no\/?post_type=product&#038;p=1099"},"modified":"2026-03-10T09:34:06","modified_gmt":"2026-03-10T08:34:06","slug":"tsukineko-memento-dew-drop-ink-pad-set-4pieces-4","status":"publish","type":"product","link":"https:\/\/tones-syslerier.no\/index.php\/produkt\/tsukineko-memento-dew-drop-ink-pad-set-4pieces-4\/","title":{"rendered":"Tsukineko \u2022 Memento Dew Drop Ink Pad Set 4pieces"},"content":{"rendered":"<p>Inneholder 4 stk dew drops stempelputer.<\/p>\n<p>syrefri<br \/>\nvannbasert<br \/>\nmotstandsdyktig mot falming<br \/>\nraskt t\u00f8rkende<\/p>\n<p>utmerket for gummistempling, stensilering og direkte p\u00e5 papirapplikasjoner<\/p>\n<p>unik puteform gir flere alternativer<br \/>\nbruk den smale spissen for hj\u00f8rner og detaljer og den runde enden for \u00e5 dekke store omr\u00e5der<\/p>\n<p>&nbsp;<\/p>\n<p><img loading=\"lazy\" decoding=\"async\" class=\"alignnone size-medium wp-image-1100\" src=\"https:\/\/tones-syslerier.no\/wp-content\/uploads\/2023\/11\/MD-100-013-300x213.jpg\" alt=\"\" width=\"300\" height=\"213\" srcset=\"https:\/\/tones-syslerier.no\/wp-content\/uploads\/2023\/11\/MD-100-013-300x213.jpg 300w, https:\/\/tones-syslerier.no\/wp-content\/uploads\/2023\/11\/MD-100-013-1024x726.jpg 1024w, https:\/\/tones-syslerier.no\/wp-content\/uploads\/2023\/11\/MD-100-013-768x545.jpg 768w, https:\/\/tones-syslerier.no\/wp-content\/uploads\/2023\/11\/MD-100-013-416x295.jpg 416w, https:\/\/tones-syslerier.no\/wp-content\/uploads\/2023\/11\/MD-100-013.jpg 1080w\" sizes=\"auto, (max-width: 300px) 100vw, 300px\" \/><\/p>\n","protected":false},"excerpt":{"rendered":"<p>Inneholder 4 stk dew drops stempelputer. syrefri vannbasert motstandsdyktig mot falming raskt t\u00f8rkende utmerket for gummistempling, stensilering og direkte p\u00e5 papirapplikasjoner unik puteform gir flere alternativer bruk den smale spissen for hj\u00f8rner og detaljer og den runde enden for \u00e5 dekke store omr\u00e5der &nbsp;<\/p>\n","protected":false},"featured_media":1100,"comment_status":"open","ping_status":"closed","template":"","meta":[],"product_brand":[],"product_cat":[39],"product_tag":[],"class_list":{"0":"post-1099","1":"product","2":"type-product","3":"status-publish","4":"has-post-thumbnail","6":"product_cat-stempelputer","8":"first","9":"instock","10":"taxable","11":"shipping-taxable","12":"purchasable","13":"product-type-simple"},"_links":{"self":[{"href":"https:\/\/tones-syslerier.no\/index.php\/wp-json\/wp\/v2\/product\/1099","targetHints":{"allow":["GET"]}}],"collection":[{"href":"https:\/\/tones-syslerier.no\/index.php\/wp-json\/wp\/v2\/product"}],"about":[{"href":"https:\/\/tones-syslerier.no\/index.php\/wp-json\/wp\/v2\/types\/product"}],"replies":[{"embeddable":true,"href":"https:\/\/tones-syslerier.no\/index.php\/wp-json\/wp\/v2\/comments?post=1099"}],"wp:featuredmedia":[{"embeddable":true,"href":"https:\/\/tones-syslerier.no\/index.php\/wp-json\/wp\/v2\/media\/1100"}],"wp:attachment":[{"href":"https:\/\/tones-syslerier.no\/index.php\/wp-json\/wp\/v2\/media?parent=1099"}],"wp:term":[{"taxonomy":"product_brand","embeddable":true,"href":"https:\/\/tones-syslerier.no\/index.php\/wp-json\/wp\/v2\/product_brand?post=1099"},{"taxonomy":"product_cat","embeddable":true,"href":"https:\/\/tones-syslerier.no\/index.php\/wp-json\/wp\/v2\/product_cat?post=1099"},{"taxonomy":"product_tag","embeddable":true,"href":"https:\/\/tones-syslerier.no\/index.php\/wp-json\/wp\/v2\/product_tag?post=1099"}],"curies":[{"name":"wp","href":"https:\/\/api.w.org\/{rel}","templated":true}]}}