{"id":628,"date":"2023-11-08T20:03:50","date_gmt":"2023-11-08T19:03:50","guid":{"rendered":"https:\/\/tones-syslerier.no\/?page_id=628"},"modified":"2026-04-16T11:34:55","modified_gmt":"2026-04-16T09:34:55","slug":"dagens-kort","status":"publish","type":"page","link":"https:\/\/tones-syslerier.no\/index.php\/dagens-kort\/","title":{"rendered":"NYHETER"},"content":{"rendered":"\n<p><\/p>\n\n\n\n<p><strong><a href=\"https:\/\/tones-syslerier.no\/index.php\/produktkategori\/nyheter\/\">KLIKK P\u00c5 DENNE TEKSTEN FOR \u00c5 SE V\u00c5RE SISTE NYHETER<\/a><\/strong><\/p>\n\n\n\n<p><\/p>\n\n\n\n<p><\/p>\n\n\n","protected":false},"excerpt":{"rendered":"<p>KLIKK P\u00c5 DENNE TEKSTEN FOR \u00c5 SE V\u00c5RE SISTE NYHETER<\/p>\n","protected":false},"author":1,"featured_media":0,"parent":0,"menu_order":0,"comment_status":"closed","ping_status":"closed","template":"","meta":{"footnotes":""},"class_list":["post-628","page","type-page","status-publish","hentry"],"_links":{"self":[{"href":"https:\/\/tones-syslerier.no\/index.php\/wp-json\/wp\/v2\/pages\/628","targetHints":{"allow":["GET"]}}],"collection":[{"href":"https:\/\/tones-syslerier.no\/index.php\/wp-json\/wp\/v2\/pages"}],"about":[{"href":"https:\/\/tones-syslerier.no\/index.php\/wp-json\/wp\/v2\/types\/page"}],"author":[{"embeddable":true,"href":"https:\/\/tones-syslerier.no\/index.php\/wp-json\/wp\/v2\/users\/1"}],"replies":[{"embeddable":true,"href":"https:\/\/tones-syslerier.no\/index.php\/wp-json\/wp\/v2\/comments?post=628"}],"version-history":[{"count":36,"href":"https:\/\/tones-syslerier.no\/index.php\/wp-json\/wp\/v2\/pages\/628\/revisions"}],"predecessor-version":[{"id":6315,"href":"https:\/\/tones-syslerier.no\/index.php\/wp-json\/wp\/v2\/pages\/628\/revisions\/6315"}],"wp:attachment":[{"href":"https:\/\/tones-syslerier.no\/index.php\/wp-json\/wp\/v2\/media?parent=628"}],"curies":[{"name":"wp","href":"https:\/\/api.w.org\/{rel}","templated":true}]}}