{"id":2,"date":"2023-09-14T18:33:21","date_gmt":"2023-09-14T18:33:21","guid":{"rendered":"https:\/\/tones-syslerier.no\/wordpress\/?page_id=2"},"modified":"2025-02-17T10:36:47","modified_gmt":"2025-02-17T09:36:47","slug":"sample-page","status":"publish","type":"page","link":"https:\/\/tones-syslerier.no\/index.php\/sample-page\/","title":{"rendered":"Om oss\/Kontakt"},"content":{"rendered":"\n<p>Tones-syslerier er en ny nettbutikk som n\u00e5 har startet opp, etter \u00e5 ha v\u00e6rt p\u00e5 Facebook med v\u00e5re kreative produktl\u00f8sninger siden 2020<\/p>\n\n\n\n<p>Vi er fremdeles p\u00e5 Facebook med v\u00e5rt hobby engasjement.<\/p>\n\n\n\n<p> Vi lager nye kort daglig og publiserer dem p\u00e5 Facebook og p\u00e5 dette nettstedet.<\/p>\n\n\n\n<p>Vi kan levere alle produkter som beh\u00f8ves for \u00e5 lage kortene.<\/p>\n\n\n\n<p>Vi h\u00e5per dere finner inspirasjon til \u00e5 kreere deres egne flotte kort produkter<\/p>\n\n\n\n<p><\/p>\n\n\n\n<p>Tones-syslerier.no er en del av LM Engros<\/p>\n\n\n\n<p>Foretaksnr 975844323MVA<\/p>\n\n\n\n<p>Solakrossen 12<\/p>\n\n\n\n<p>4050 Sola<\/p>\n\n\n\n<p><\/p>\n\n\n\n<p><\/p>\n\n\n\n<p>KONTAKTSKJEMA<\/p>\n\n\n<div class=\"wpforms-container wpforms-container-full wpforms-block wpforms-block-aca6fc89-464a-4459-a89d-5eb33a92a0d7 wpforms-render-modern\" id=\"wpforms-4550\"><form id=\"wpforms-form-4550\" class=\"wpforms-validate wpforms-form wpforms-ajax-form\" data-formid=\"4550\" method=\"post\" enctype=\"multipart\/form-data\" action=\"\/index.php\/wp-json\/wp\/v2\/pages\/2\" data-token=\"be17d856adbb8c1bd4c447ebcf267de4\" data-token-time=\"1776942281\"><noscript class=\"wpforms-error-noscript\">Please enable JavaScript in your browser to complete this form.<\/noscript><div id=\"wpforms-error-noscript\" style=\"display: none;\">Please enable JavaScript in your browser to complete this form.<\/div><div class=\"wpforms-field-container\">\t\t<div id=\"wpforms-4550-field_4-container\"\n\t\t\tclass=\"wpforms-field wpforms-field-text\"\n\t\t\tdata-field-type=\"text\"\n\t\t\tdata-field-id=\"4\"\n\t\t\t>\n\t\t\t<label class=\"wpforms-field-label\" for=\"wpforms-4550-field_4\" >MELDING ADRESSE NAVN<\/label>\n\t\t\t<input type=\"text\" id=\"wpforms-4550-field_4\" class=\"wpforms-field-medium\" name=\"wpforms[fields][4]\" >\n\t\t<\/div>\n\t\t<div id=\"wpforms-4550-field_1-container\" class=\"wpforms-field wpforms-field-name\" data-field-id=\"1\"><fieldset><legend class=\"wpforms-field-label\">NAVN <span class=\"wpforms-required-label\" aria-hidden=\"true\">*<\/span><\/legend><div class=\"wpforms-field-row wpforms-field-medium\"><div class=\"wpforms-field-row-block wpforms-first wpforms-one-half\"><input type=\"text\" id=\"wpforms-4550-field_1\" class=\"wpforms-field-name-first wpforms-field-required\" name=\"wpforms[fields][1][first]\" aria-errormessage=\"wpforms-4550-field_1-error\" required><label for=\"wpforms-4550-field_1\" class=\"wpforms-field-sublabel after\">First<\/label><\/div><div class=\"wpforms-field-row-block wpforms-one-half\"><input type=\"text\" id=\"wpforms-4550-field_1-last\" class=\"wpforms-field-name-last wpforms-field-required\" name=\"wpforms[fields][1][last]\" aria-errormessage=\"wpforms-4550-field_1-last-error\" required><label for=\"wpforms-4550-field_1-last\" class=\"wpforms-field-sublabel after\">Last<\/label><\/div><\/div><\/fieldset><\/div><div id=\"wpforms-4550-field_2-container\" class=\"wpforms-field wpforms-field-email\" data-field-id=\"2\"><label class=\"wpforms-field-label\" for=\"wpforms-4550-field_2\">E-POST ADRESSE <span class=\"wpforms-required-label\" aria-hidden=\"true\">*<\/span><\/label><input type=\"email\" id=\"wpforms-4550-field_2\" class=\"wpforms-field-medium wpforms-field-required\" name=\"wpforms[fields][2]\" spellcheck=\"false\" aria-errormessage=\"wpforms-4550-field_2-error\" required><\/div><div id=\"wpforms-4550-field_3-container\" class=\"wpforms-field wpforms-field-textarea\" data-field-id=\"3\"><label class=\"wpforms-field-label\" for=\"wpforms-4550-field_3\">MELDING<\/label><textarea id=\"wpforms-4550-field_3\" class=\"wpforms-field-medium\" name=\"wpforms[fields][3]\" aria-errormessage=\"wpforms-4550-field_3-error\" ><\/textarea><\/div><script>\n\t\t\t\t( function() {\n\t\t\t\t\tconst style = document.createElement( 'style' );\n\t\t\t\t\tstyle.appendChild( document.createTextNode( '#wpforms-4550-field_4-container { position: absolute !important; overflow: hidden !important; display: inline !important; height: 1px !important; width: 1px !important; z-index: -1000 !important; padding: 0 !important; } #wpforms-4550-field_4-container input { visibility: hidden; } #wpforms-conversational-form-page #wpforms-4550-field_4-container label { counter-increment: none; }' ) );\n\t\t\t\t\tdocument.head.appendChild( style );\n\t\t\t\t\tdocument.currentScript?.remove();\n\t\t\t\t} )();\n\t\t\t<\/script><\/div><!-- .wpforms-field-container --><div class=\"wpforms-submit-container\" ><input type=\"hidden\" name=\"wpforms[id]\" value=\"4550\"><input type=\"hidden\" name=\"page_title\" value=\"\"><input type=\"hidden\" name=\"page_url\" value=\"https:\/\/tones-syslerier.no\/index.php\/wp-json\/wp\/v2\/pages\/2\"><input type=\"hidden\" name=\"url_referer\" value=\"\"><button type=\"submit\" name=\"wpforms[submit]\" id=\"wpforms-submit-4550\" class=\"wpforms-submit\" data-alt-text=\"Sending...\" data-submit-text=\"SEND\" aria-live=\"assertive\" value=\"wpforms-submit\">SEND<\/button><img loading=\"lazy\" decoding=\"async\" src=\"https:\/\/tones-syslerier.no\/wp-content\/plugins\/wpforms-lite\/assets\/images\/submit-spin.svg\" class=\"wpforms-submit-spinner\" style=\"display: none;\" width=\"26\" height=\"26\" alt=\"Loading\"><\/div><\/form><\/div>  <!-- .wpforms-container -->","protected":false},"excerpt":{"rendered":"<p>Tones-syslerier er en ny nettbutikk som n\u00e5 har startet opp, etter \u00e5 ha v\u00e6rt p\u00e5 Facebook med v\u00e5re kreative produktl\u00f8sninger siden 2020 Vi er fremdeles p\u00e5 Facebook med v\u00e5rt hobby engasjement. Vi lager nye kort daglig og publiserer dem p\u00e5 Facebook og p\u00e5 dette nettstedet. Vi kan levere alle produkter som beh\u00f8ves for \u00e5 lage [&hellip;]<\/p>\n","protected":false},"author":1,"featured_media":0,"parent":0,"menu_order":0,"comment_status":"closed","ping_status":"open","template":"","meta":{"footnotes":""},"class_list":["post-2","page","type-page","status-publish","hentry"],"_links":{"self":[{"href":"https:\/\/tones-syslerier.no\/index.php\/wp-json\/wp\/v2\/pages\/2","targetHints":{"allow":["GET"]}}],"collection":[{"href":"https:\/\/tones-syslerier.no\/index.php\/wp-json\/wp\/v2\/pages"}],"about":[{"href":"https:\/\/tones-syslerier.no\/index.php\/wp-json\/wp\/v2\/types\/page"}],"author":[{"embeddable":true,"href":"https:\/\/tones-syslerier.no\/index.php\/wp-json\/wp\/v2\/users\/1"}],"replies":[{"embeddable":true,"href":"https:\/\/tones-syslerier.no\/index.php\/wp-json\/wp\/v2\/comments?post=2"}],"version-history":[{"count":14,"href":"https:\/\/tones-syslerier.no\/index.php\/wp-json\/wp\/v2\/pages\/2\/revisions"}],"predecessor-version":[{"id":4559,"href":"https:\/\/tones-syslerier.no\/index.php\/wp-json\/wp\/v2\/pages\/2\/revisions\/4559"}],"wp:attachment":[{"href":"https:\/\/tones-syslerier.no\/index.php\/wp-json\/wp\/v2\/media?parent=2"}],"curies":[{"name":"wp","href":"https:\/\/api.w.org\/{rel}","templated":true}]}}