{"id":14,"date":"2023-09-15T11:34:33","date_gmt":"2023-09-15T09:34:33","guid":{"rendered":"https:\/\/tones-syslerier.no\/wordpress\/?page_id=14"},"modified":"2025-08-12T10:05:58","modified_gmt":"2025-08-12T08:05:58","slug":"personvernerklaering","status":"publish","type":"page","link":"https:\/\/tones-syslerier.no\/index.php\/personvernerklaering\/","title":{"rendered":"Personvernerkl\u00e6ring"},"content":{"rendered":"\n<p>Denne personvernerkl\u00e6ringen gjelder alle forretningsprosesser i&nbsp;tones-syslerier.no , heretter benevnt som Behandlingsansvarlig<\/p>\n\n\n\n<p>Erkl\u00e6ringen gir informasjon om databehandling utf\u00f8rt av Behandlingsansvarlig og bestemmer form\u00e5let og virkemidlene for behandlingen samt databehandling vi gj\u00f8r p\u00e5 vegne av v\u00e5re kunder basert p\u00e5 deres instruksjoner.<\/p>\n\n\n\n<p>Behandling av personlige data er n\u00f8dvendig for at vi skal kunne ivareta v\u00e5re kontraktsforpliktelser og betjene deg som kunde. Personlig data kan ogs\u00e5 benyttes til f\u00f8lgende form\u00e5l: Salg, kontakt med kundeservice, markedsf\u00f8ring, informasjon, bokf\u00f8ring.<\/p>\n\n\n\n<p>Ved markedsf\u00f8ring p\u00e5 e-post\/sms innhenter et eksplisitt samtykke p\u00e5 forh\u00e5nd.<\/p>\n\n\n\n<p>Ved \u00e5 gi oss dine personlige opplysninger, godtar du praksis og vilk\u00e5r som er beskrevet i denne personvernerkl\u00e6ringen.<\/p>\n\n\n\n<p>Om du har innsigelser med hensyn til v\u00e5r behandling av personvern har du ogs\u00e5 anledning \u00e5 klage til Datatilsynet.<\/p>\n\n\n\n<p>Behandlingsansvarlig:<\/p>\n\n\n\n<p>Tones-syslerier.no<\/p>\n\n\n\n<p>Solakrossen 12<\/p>\n\n\n\n<p>4050 Sola<object height=\"0\"><\/object><\/p>\n\n\n\n<p>Telefon: +47 51651500<\/p>\n\n\n\n<p>Personvernombud:<object height=\"0\"><p><\/p><\/object><\/p>\n\n\n\n<p>Telefon: +47 51651500<\/p>\n\n\n\n<p>Opplysninger som innhentes<\/p>\n\n\n\n<p>Opplysninger kan registreres og lagres n\u00e5r du registrerer deg p\u00e5&nbsp; tones-syslerier.no,  n\u00e5r du er i kontakt med salg og support enten via e-post eller telefon<\/p>\n\n\n\n<p>Hvor lagrer vi informasjon om deg \u2013 og hvor deler vi informasjonen om deg med andre?<\/p>\n\n\n\n<p>V\u00e5r ehandelsplattform er levert WordPress og data lagres i deres skytjenester.<\/p>\n\n\n\n<p>Underleverand\u00f8rer<\/p>\n\n\n\n<p>Behandlingsansvarlig benytter seg ogs\u00e5 av tjenester levert av 3. Part. Her er en oversikt over underleverand\u00f8rer hvor informasjon kan lagres<\/p>\n\n\n\n<p>Vipps:<\/p>\n\n\n\n<p>Om en betaler med Vipps i nettbutikken  vil ditt telefonnummer sendes til Vipps for videre identifikasjon.<\/p>\n\n\n\n<p>Google Analytics:<\/p>\n\n\n\n<p>Google Analytics benyttes for analyse av trafikk. IP-adresser og bes\u00f8ksm\u00f8nster lagres.<\/p>\n\n\n\n<p>Tripletex:<\/p>\n\n\n\n<p>Tripletex er v\u00e5rt regnskapssystem og data n\u00f8dvendig for bokf\u00f8ring lagres her. Typisk Navn\/adresse\/ordrer\/faktura.<\/p>\n\n\n\n<p>Woo payment:<\/p>\n\n\n\n<p>Om en betaler med Visa eller Mastercard i v\u00e5r nettbutikk vil personlig informasjon som kortnummer sendes til Woo pyment for behandling av betalingen.<\/p>\n\n\n\n<p>Bring:<\/p>\n\n\n\n<p>Vi sender pakker med Bring og deler s\u00e5ledes informasjon relatert til frakt slik som navn, telefonnummer og adresse.<\/p>\n\n\n\n<p>Postnord:<\/p>\n\n\n\n<p>Vi sender pakker med Postnord og deler s\u00e5ledes informasjon relatert til frakt slik som navn, telefonnummer og adresse.<\/p>\n\n\n\n<p>Kommunikasjon gjennom e-post og sms<\/p>\n\n\n\n<p>Som kunde vil du motta kunne motta e-post og sms rundt ditt kundeforhold. F.eks vil vi sende deg e-post\/sms relatert til ordrer du har lagt inn, sms med sporingsnummer, glemt passord, informasjon rundt din kundekonto, ol. Dette er definert som berettiget interesse og det vil ikke bes om samtykke til.<\/p>\n\n\n\n<p>Vi benytter ogs\u00e5 e-post til markedsf\u00f8ring og kommunikasjon. Som kunde av Behandlingsansvarlig vil du med jevne mellomrom motta nyhetsbrev s\u00e5 fremst du har gitt et aktivt samtykke til det. Det er mulig \u00e5 &nbsp;melde seg av nyhetsbrev ved \u00e5 klikke p\u00e5 avmeldingslinken i e-postene.<\/p>\n\n\n\n<p>Innsyn og retting<\/p>\n\n\n\n<p>Du har krav p\u00e5 innsyn i de opplysninger som er registrert om deg. Innsyn kan ogs\u00e5 f\u00e5s ved \u00e5 sende en henvendelse til&nbsp;tones-syslerier.no, dersom de registrerte opplysninger ikke er riktige eller er ufullstendige, kan du kreve at opplysningene korrigeres i henhold til personopplysningsloven.<\/p>\n\n\n\n<p>Oppbevaring og sletting<\/p>\n\n\n\n<p>Opplysninger som ikke lenger er n\u00f8dvendig for det form\u00e5l de er laget for, slettes fra v\u00e5re systemer.<\/p>\n\n\n\n<p>Google Analytics<\/p>\n\n\n\n<p>Google Analytics benytter informasjonskapsler for analyse av trafikk.<\/p>\n\n\n\n<p>Facebook Pixel<\/p>\n\n\n\n<p>Vi benytter oss av annonsering gjennom Facebook sin plattform. Informasjonskapsler benyttes slik at annonsering kan m\u00e5lrettes basert p\u00e5 bes\u00f8ksm\u00f8nster.<\/p>\n\n\n\n<p><\/p>\n","protected":false},"excerpt":{"rendered":"<p>Denne personvernerkl\u00e6ringen gjelder alle forretningsprosesser i&nbsp;tones-syslerier.no , heretter benevnt som Behandlingsansvarlig Erkl\u00e6ringen gir informasjon om databehandling utf\u00f8rt av Behandlingsansvarlig og bestemmer form\u00e5let og virkemidlene for behandlingen samt databehandling vi gj\u00f8r p\u00e5 vegne av v\u00e5re kunder basert p\u00e5 deres instruksjoner. Behandling av personlige data er n\u00f8dvendig for at vi skal kunne ivareta v\u00e5re kontraktsforpliktelser og betjene [&hellip;]<\/p>\n","protected":false},"author":1,"featured_media":0,"parent":0,"menu_order":0,"comment_status":"closed","ping_status":"closed","template":"","meta":{"footnotes":""},"class_list":["post-14","page","type-page","status-publish","hentry"],"_links":{"self":[{"href":"https:\/\/tones-syslerier.no\/index.php\/wp-json\/wp\/v2\/pages\/14","targetHints":{"allow":["GET"]}}],"collection":[{"href":"https:\/\/tones-syslerier.no\/index.php\/wp-json\/wp\/v2\/pages"}],"about":[{"href":"https:\/\/tones-syslerier.no\/index.php\/wp-json\/wp\/v2\/types\/page"}],"author":[{"embeddable":true,"href":"https:\/\/tones-syslerier.no\/index.php\/wp-json\/wp\/v2\/users\/1"}],"replies":[{"embeddable":true,"href":"https:\/\/tones-syslerier.no\/index.php\/wp-json\/wp\/v2\/comments?post=14"}],"version-history":[{"count":3,"href":"https:\/\/tones-syslerier.no\/index.php\/wp-json\/wp\/v2\/pages\/14\/revisions"}],"predecessor-version":[{"id":5368,"href":"https:\/\/tones-syslerier.no\/index.php\/wp-json\/wp\/v2\/pages\/14\/revisions\/5368"}],"wp:attachment":[{"href":"https:\/\/tones-syslerier.no\/index.php\/wp-json\/wp\/v2\/media?parent=14"}],"curies":[{"name":"wp","href":"https:\/\/api.w.org\/{rel}","templated":true}]}}